{"id":1091,"date":"2021-04-20T00:17:31","date_gmt":"2021-04-19T23:17:31","guid":{"rendered":"https:\/\/www.adnsolution.net\/mba2\/?page_id=1091"},"modified":"2021-04-20T00:28:55","modified_gmt":"2021-04-19T23:28:55","slug":"historique","status":"publish","type":"page","link":"https:\/\/www.adnsolution.net\/mba2\/le-musee\/historique\/","title":{"rendered":"Historique"},"content":{"rendered":"<p><img fetchpriority=\"high\" decoding=\"async\" class=\"size-medium wp-image-1092 alignright\" src=\"https:\/\/www.adnsolution.net\/mba2\/wp-content\/uploads\/2021\/04\/historiquefr_clip_image002-300x203.jpg\" alt=\"\" width=\"300\" height=\"203\" srcset=\"https:\/\/www.adnsolution.net\/mba2\/wp-content\/uploads\/2021\/04\/historiquefr_clip_image002-300x203.jpg 300w, https:\/\/www.adnsolution.net\/mba2\/wp-content\/uploads\/2021\/04\/historiquefr_clip_image002.jpg 325w\" sizes=\"(max-width: 300px) 100vw, 300px\" \/>Erig\u00e9 \u00e0 partir de 1927 sur la colline bois\u00e9e du quartier du Hamma au c\u0153ur d\u2019une v\u00e9g\u00e9tation g\u00e9n\u00e9reuseface \u00e0 la majestueuse baie d\u2019Alger et \u00e0 la perspective verdoyante du Jardin d\u2019Essai, le mus\u00e9e national des beaux-arts est environn\u00e9 de plusieurs sites du patrimoine monumental d\u2019Alger tels la Villa Abd-El- tif, demeure ottomane du XVII\u00e8me, \u00a0la grotte Cervant\u00e8s ou encore la fontaine du Hamma, largement immortalis\u00e9e par les peintres-voyageurs et les \u00e9crivains\u00a0; le sanctuaire des martyrs\u00a0<strong>(MAQAM ECHAHID) couronne de sa haute stature cet ensemble culturel de l\u2019est de la capitale qui s\u2019\u00e9tend<\/strong>\u00a0jusqu\u2019\u00e0 la Biblioth\u00e8que Nationale.<\/p>\n<p class=\"left\" align=\"justify\">Sa collection, qui peut \u00eatre aujourd\u2019hui encore consid\u00e9r\u00e9e comme la plus importante pour l\u2019art ,en Alg\u00e9rie et sur le continent africain, voire dans le monde arabe, renferme en plus des \u0153uvres peintes, des dessins, gravures et estampes anciennes, \u00a0un bel ensemble de sculptures, de mobilier ancien et d\u2019art d\u00e9coratif, c\u00e9ramique, verrerie, ainsi qu\u2019 une collection de numismatique.<\/p>\n<p class=\"left\" align=\"justify\">\u00a0La constitution de cet ensemble est le r\u00e9sultat d\u2019achats cons\u00e9quents qui furent r\u00e9alis\u00e9s dans la premi\u00e8re moiti\u00e9 du XX\u00e8me s aupr\u00e8s des plus grandes galeries d\u2019art internationales, d\u2019achats aux artistes et aux \u00a0collectionneurs.<\/p>\n<p class=\"left\" dir=\"RTL\" align=\"left\">Le Mus\u00e9e National des Beaux-Arts qui occupe une superficie construite de plus de 4000m2, \u00e0 laquelle s\u2019ajoute AUTANT DE JARDINS se d\u00e9ploie sur trois niveaux d\u2019exposition<\/p>\n<div align=\"justify\">\n<ol>\n<li class=\"left\">Le rez-de-chauss\u00e9e, entr\u00e9e principale du mus\u00e9e, actuellement en restauration, et qui devrait abriter les expositions temporaires et th\u00e9matiques.<\/li>\n<li class=\"left\">Le premier niveau ou Galerie des Bronzes, belle perspective rythm\u00e9e par la statue de Bourdelle, \u00a0l\u2019\u00ab\u00a0H\u00e9rak\u00e8s archer\u00a0\u00bb.<\/li>\n<li class=\"left\">Le second \u00e9tage, qui renferme la collection permanente historique, la biblioth\u00e8que et le Cabinet des Estampes, s\u2019organise autour de jardins suspendus en Pergola.<\/li>\n<li class=\"left\">Un \u00e9tage interm\u00e9diaire renferme enfin, des espaces de convivialit\u00e9 et de loisirs\u00a0: une terrasse panoramique, une salle de lecture, un espace cafeteria, et des ateliers p\u00e9dagogiques<\/li>\n<\/ol>\n<\/div>\n<p><img decoding=\"async\" src=\"http:\/\/www.musee-beauxarts.dz\/historiquefr_clip_image002.jpg\" alt=\"\" width=\"300\" \/><\/p>\n<p class=\"left\" align=\"justify\"><img decoding=\"async\" class=\"size-medium wp-image-1093 alignleft\" src=\"https:\/\/www.adnsolution.net\/mba2\/wp-content\/uploads\/2021\/04\/historiquefr_clip_image002-1-300x203.jpg\" alt=\"\" width=\"300\" height=\"203\" srcset=\"https:\/\/www.adnsolution.net\/mba2\/wp-content\/uploads\/2021\/04\/historiquefr_clip_image002-1-300x203.jpg 300w, https:\/\/www.adnsolution.net\/mba2\/wp-content\/uploads\/2021\/04\/historiquefr_clip_image002-1.jpg 325w\" sizes=\"(max-width: 300px) 100vw, 300px\" \/>La collection dite \u00ab\u00a0historique\u00a0\u00bb concerne le fonds le plus ancien du mus\u00e9e\u00a0; d\u00e9butant \u00e0 la fin du 14\u00e8me \u00a0l\u2019exposition chronologique permet de parcourir six si\u00e8cles d\u2019histoire de l\u2019art, illustrant ainsi la plupart des grands mouvements artistiques qui ont vu le jour en Europe, des primitifs au XVII\u00e8me flamand, fran\u00e7ais et italien, le XVIII\u00e8me s. \u00e9tant quant \u00e0 lui, bien illustr\u00e9 par la nature morte fran\u00e7aise et hollandaise , le clair-obscur d\u2019inspiration caravagesque, le portrait de cour et le paysage rustique\u00a0; la p\u00e9riode la mieux repr\u00e9sent\u00e9e dans ce parcours, demeure sans conteste le XIX\u00e8me , ce si\u00e8cle riche en mouvements artistiques qui devaient d\u00e9cider de la mutation moderne de l\u2019art\u00a0; depuis 2007, deux nouvelles salles abritent l\u2019art orientaliste depuis le XVIII\u00e8me jusqu\u2019aux cr\u00e9ations inspir\u00e9es par l\u2019Alg\u00e9rie \u00e0 partir de la seconde moiti\u00e9 du XIX\u00e8me s . Ces salles portent le nom de deux grands ma\u00eetres de l\u2019art alg\u00e9rien contemporain, Mohamed Temam et Mohamed Loua\u00efl.<\/p>\n<p>Hormis l\u2019espace qui abrite au second \u00e9tage, les \u0153uvres des premi\u00e8res g\u00e9n\u00e9rations de peintres alg\u00e9riens, Yell\u00e8s Bachir, Hemche Abdelhalim, Bouzid Mohamed, Mesli choukri, Issiakhem M\u2019Hamed, le Mus\u00e9e National des Beaux-Arts a par ailleurs consacr\u00e9 une grande partie de son premier \u00e9tage \u00e0 l\u2019art alg\u00e9rien du XX\u00e8me s, tandis que le Cabinet des Estampes renferme un des joyaux de la collection\u00a0: les miniatures de l\u2019artiste alg\u00e9rien Mohamed RACIM, \u00a0consid\u00e9r\u00e9es comme tr\u00e9sor national.<\/p>\n<p class=\"left\" align=\"justify\">Le mus\u00e9e renferme d\u2019autres collections qui lui conf\u00e8rent une originalit\u00e9 propre\u00a0: c\u2019est le cas notamment avec le fonds dit de \u00ab\u00a0l\u2019Ecole d\u2019Alger\u00a0\u00bb qui r\u00e9unit la cr\u00e9ation artistique des peintres d\u2019origine \u00e9trang\u00e8re natifs d\u2019Alg\u00e9rie et le \u00ab\u00a0fonds art et r\u00e9volution\u00a0\u00bb offert par un grand nombre d\u2019artistes du monde entier \u00e0 l\u2019Alg\u00e9rie \u00e0 l\u2019occasion de son accession \u00e0 l\u2019ind\u00e9pendance.<\/p>\n<p>La Mus\u00e9e National des Beaux-Arts a d\u2019autre part imagin\u00e9 un parcours d\u00e9di\u00e9 \u00e0 la sculpture, au sein de ses espaces ext\u00e9rieurs. La Pergola propose ainsi une superbe promenade &#8211; d\u00e9couverte des \u0153uvres sculpt\u00e9es tandis qu\u2019en contrebas, sur la terrasse panoramique, d\u2019imposants \u00a0moulages historiques retracent l\u2019histoire de la sculpture universelle \u00e0 l\u2019intention du jeune public.<\/p>\n<div id='gallery-1' class='gallery galleryid-1091 gallery-columns-3 gallery-size-thumbnail'><figure class='gallery-item'>\n\t\t\t<div class='gallery-icon landscape'>\n\t\t\t\t<a href='https:\/\/www.adnsolution.net\/mba2\/wp-content\/uploads\/2021\/04\/135-6.jpg'><img decoding=\"async\" width=\"150\" height=\"110\" src=\"https:\/\/www.adnsolution.net\/mba2\/wp-content\/uploads\/2021\/04\/135-6-150x110.jpg\" class=\"attachment-thumbnail size-thumbnail\" alt=\"\" \/><\/a>\n\t\t\t<\/div><\/figure><figure class='gallery-item'>\n\t\t\t<div class='gallery-icon landscape'>\n\t\t\t\t<a href='https:\/\/www.adnsolution.net\/mba2\/wp-content\/uploads\/2021\/04\/129-6.jpg'><img loading=\"lazy\" decoding=\"async\" width=\"150\" height=\"110\" src=\"https:\/\/www.adnsolution.net\/mba2\/wp-content\/uploads\/2021\/04\/129-6-150x110.jpg\" class=\"attachment-thumbnail size-thumbnail\" alt=\"\" \/><\/a>\n\t\t\t<\/div><\/figure><figure class='gallery-item'>\n\t\t\t<div class='gallery-icon landscape'>\n\t\t\t\t<a href='https:\/\/www.adnsolution.net\/mba2\/wp-content\/uploads\/2021\/04\/137-6.jpg'><img loading=\"lazy\" decoding=\"async\" width=\"150\" height=\"110\" src=\"https:\/\/www.adnsolution.net\/mba2\/wp-content\/uploads\/2021\/04\/137-6-150x110.jpg\" class=\"attachment-thumbnail size-thumbnail\" alt=\"\" \/><\/a>\n\t\t\t<\/div><\/figure><figure class='gallery-item'>\n\t\t\t<div class='gallery-icon landscape'>\n\t\t\t\t<a href='https:\/\/www.adnsolution.net\/mba2\/wp-content\/uploads\/2021\/04\/131-6.jpg'><img loading=\"lazy\" decoding=\"async\" width=\"150\" height=\"110\" src=\"https:\/\/www.adnsolution.net\/mba2\/wp-content\/uploads\/2021\/04\/131-6-150x110.jpg\" class=\"attachment-thumbnail size-thumbnail\" alt=\"\" \/><\/a>\n\t\t\t<\/div><\/figure><figure class='gallery-item'>\n\t\t\t<div class='gallery-icon landscape'>\n\t\t\t\t<a href='https:\/\/www.adnsolution.net\/mba2\/wp-content\/uploads\/2021\/04\/127-6.jpg'><img loading=\"lazy\" decoding=\"async\" width=\"150\" height=\"110\" src=\"https:\/\/www.adnsolution.net\/mba2\/wp-content\/uploads\/2021\/04\/127-6-150x110.jpg\" class=\"attachment-thumbnail size-thumbnail\" alt=\"\" \/><\/a>\n\t\t\t<\/div><\/figure><figure class='gallery-item'>\n\t\t\t<div class='gallery-icon landscape'>\n\t\t\t\t<a href='https:\/\/www.adnsolution.net\/mba2\/wp-content\/uploads\/2021\/04\/136-6.jpg'><img loading=\"lazy\" decoding=\"async\" width=\"150\" height=\"110\" src=\"https:\/\/www.adnsolution.net\/mba2\/wp-content\/uploads\/2021\/04\/136-6-150x110.jpg\" class=\"attachment-thumbnail size-thumbnail\" alt=\"\" \/><\/a>\n\t\t\t<\/div><\/figure><figure class='gallery-item'>\n\t\t\t<div class='gallery-icon landscape'>\n\t\t\t\t<a href='https:\/\/www.adnsolution.net\/mba2\/wp-content\/uploads\/2021\/04\/128-6.jpg'><img loading=\"lazy\" decoding=\"async\" width=\"150\" height=\"110\" src=\"https:\/\/www.adnsolution.net\/mba2\/wp-content\/uploads\/2021\/04\/128-6-150x110.jpg\" class=\"attachment-thumbnail size-thumbnail\" alt=\"\" \/><\/a>\n\t\t\t<\/div><\/figure><figure class='gallery-item'>\n\t\t\t<div class='gallery-icon landscape'>\n\t\t\t\t<a href='https:\/\/www.adnsolution.net\/mba2\/wp-content\/uploads\/2021\/04\/132-6.jpg'><img loading=\"lazy\" decoding=\"async\" width=\"150\" height=\"110\" src=\"https:\/\/www.adnsolution.net\/mba2\/wp-content\/uploads\/2021\/04\/132-6-150x110.jpg\" class=\"attachment-thumbnail size-thumbnail\" alt=\"\" \/><\/a>\n\t\t\t<\/div><\/figure>\n\t\t<\/div>\n\n<p dir=\"RTL\" align=\"justify\">\n","protected":false},"excerpt":{"rendered":"<p>Erig\u00e9 \u00e0 partir de 1927 sur la colline bois\u00e9e du quartier du Hamma au c\u0153ur d\u2019une v\u00e9g\u00e9tation g\u00e9n\u00e9reuseface \u00e0 la majestueuse baie d\u2019Alger et \u00e0 la perspective verdoyante du Jardin d\u2019Essai, le mus\u00e9e national des beaux-arts est environn\u00e9 de plusieurs sites du patrimoine monumental d\u2019Alger tels la Villa Abd-El- tif, demeure ottomane du XVII\u00e8me, \u00a0la &hellip;<\/p>\n","protected":false},"author":1,"featured_media":0,"parent":925,"menu_order":0,"comment_status":"closed","ping_status":"closed","template":"","meta":{"footnotes":""},"class_list":["post-1091","page","type-page","status-publish",""],"_links":{"self":[{"href":"https:\/\/www.adnsolution.net\/mba2\/wp-json\/wp\/v2\/pages\/1091","targetHints":{"allow":["GET"]}}],"collection":[{"href":"https:\/\/www.adnsolution.net\/mba2\/wp-json\/wp\/v2\/pages"}],"about":[{"href":"https:\/\/www.adnsolution.net\/mba2\/wp-json\/wp\/v2\/types\/page"}],"author":[{"embeddable":true,"href":"https:\/\/www.adnsolution.net\/mba2\/wp-json\/wp\/v2\/users\/1"}],"replies":[{"embeddable":true,"href":"https:\/\/www.adnsolution.net\/mba2\/wp-json\/wp\/v2\/comments?post=1091"}],"version-history":[{"count":2,"href":"https:\/\/www.adnsolution.net\/mba2\/wp-json\/wp\/v2\/pages\/1091\/revisions"}],"predecessor-version":[{"id":1104,"href":"https:\/\/www.adnsolution.net\/mba2\/wp-json\/wp\/v2\/pages\/1091\/revisions\/1104"}],"up":[{"embeddable":true,"href":"https:\/\/www.adnsolution.net\/mba2\/wp-json\/wp\/v2\/pages\/925"}],"wp:attachment":[{"href":"https:\/\/www.adnsolution.net\/mba2\/wp-json\/wp\/v2\/media?parent=1091"}],"curies":[{"name":"wp","href":"https:\/\/api.w.org\/{rel}","templated":true}]}}