{"id":1107,"date":"2021-04-20T00:44:08","date_gmt":"2021-04-19T23:44:08","guid":{"rendered":"https:\/\/www.adnsolution.net\/mba2\/?page_id=1107"},"modified":"2021-04-20T00:48:16","modified_gmt":"2021-04-19T23:48:16","slug":"museologie","status":"publish","type":"page","link":"https:\/\/www.adnsolution.net\/mba2\/recherches\/museologie\/","title":{"rendered":"Mus\u00e9ologie"},"content":{"rendered":"<p>Parmi les missions fondamentales du mus\u00e9e national des beaux-arts, la mus\u00e9ologie occupe, depuis 1998, une place centrale; \u00e0 l\u2019origine l\u2019\u00e9difice avait \u00e9t\u00e9 con\u00e7u pour abriter une collection d\u2019art europ\u00e9en historique ; \u00e0 l\u2019ind\u00e9pendance, de nouvelles orientations mus\u00e9ales ont apparues qui int\u00e9graient la cr\u00e9ation de nouvelles sections et de nouvelles missions, telles que la conservation des \u0153uvres et la restauration. Au cours des deux derni\u00e8res d\u00e9cennies en particulier, le mus\u00e9e a ainsi mis en place un programme mus\u00e9ologique visant \u00e0 donner une place accrue et fonctionnelle aux concepts de conservation pr\u00e9ventive, de mus\u00e9ographie et de r\u00e9habilitation des \u0153uvres et de l\u2019\u00e9difice: ces missions fondamentales ont pu \u00eatre concr\u00e9tis\u00e9es gr\u00e2ce \u00e0 l\u2019octroi de budgets sp\u00e9cifiques, de la part des minist\u00e8res de la culture et des finances.<\/p>\n<p>Parmi les nombreuses concr\u00e9tis\u00e9es, figurent la r\u00e9habilitation de l\u2019\u00e9difice, class\u00e9 monument historique en 1998, la r\u00e9novation et le r\u00e9am\u00e9nagement des aires de stockages (r\u00e9serves), la cr\u00e9ation de deux nouveaux laboratoires pour la restauration des \u0153uvres peintes et des \u0153uvres d\u2019art graphique, qui ont permis notamment la mise en place d\u2019un programme de restauration des chefs-d\u2019\u0153uvre tels que Monet, Morizot, Pissaro, Renoir, Van Goyen;<\/p>\n<p>Parall\u00e8lement, il s\u2019est av\u00e9r\u00e9 n\u00e9cessaire de revoir le parcours mus\u00e9al et sa pr\u00e9sentation afin de cr\u00e9er de nouveaux inexistants jusqu\u2019alors (salle des c\u00e9ramiques, espace Baya, salle Despiau, salles orientalistes, salle des primitifs, etc\u2026) afin que le visiteur puisse d\u00e9couvrir les diff\u00e9rentes facettes de la collection.<\/p>\n<p>En dernier lieu, il est important de mentionner les diff\u00e9rentes actions mises en \u0153uvre pour d\u00e9velopper la fonction p\u00e9dagogique, avec notamment la cr\u00e9ation d\u2019un nouvel \u00e9tage enti\u00e8rement consacr\u00e9 \u00e0 l\u2019animation en direction des enfants et des jeunes<\/p>\n","protected":false},"excerpt":{"rendered":"<p>Parmi les missions fondamentales du mus\u00e9e national des beaux-arts, la mus\u00e9ologie occupe, depuis 1998, une place centrale; \u00e0 l\u2019origine l\u2019\u00e9difice avait \u00e9t\u00e9 con\u00e7u pour abriter une collection d\u2019art europ\u00e9en historique ; \u00e0 l\u2019ind\u00e9pendance, de nouvelles orientations mus\u00e9ales ont apparues qui int\u00e9graient la cr\u00e9ation de nouvelles sections et de nouvelles missions, telles que la conservation des &hellip;<\/p>\n","protected":false},"author":1,"featured_media":0,"parent":933,"menu_order":0,"comment_status":"closed","ping_status":"closed","template":"","meta":{"footnotes":""},"class_list":["post-1107","page","type-page","status-publish",""],"_links":{"self":[{"href":"https:\/\/www.adnsolution.net\/mba2\/wp-json\/wp\/v2\/pages\/1107","targetHints":{"allow":["GET"]}}],"collection":[{"href":"https:\/\/www.adnsolution.net\/mba2\/wp-json\/wp\/v2\/pages"}],"about":[{"href":"https:\/\/www.adnsolution.net\/mba2\/wp-json\/wp\/v2\/types\/page"}],"author":[{"embeddable":true,"href":"https:\/\/www.adnsolution.net\/mba2\/wp-json\/wp\/v2\/users\/1"}],"replies":[{"embeddable":true,"href":"https:\/\/www.adnsolution.net\/mba2\/wp-json\/wp\/v2\/comments?post=1107"}],"version-history":[{"count":2,"href":"https:\/\/www.adnsolution.net\/mba2\/wp-json\/wp\/v2\/pages\/1107\/revisions"}],"predecessor-version":[{"id":1115,"href":"https:\/\/www.adnsolution.net\/mba2\/wp-json\/wp\/v2\/pages\/1107\/revisions\/1115"}],"up":[{"embeddable":true,"href":"https:\/\/www.adnsolution.net\/mba2\/wp-json\/wp\/v2\/pages\/933"}],"wp:attachment":[{"href":"https:\/\/www.adnsolution.net\/mba2\/wp-json\/wp\/v2\/media?parent=1107"}],"curies":[{"name":"wp","href":"https:\/\/api.w.org\/{rel}","templated":true}]}}