{"id":1143,"date":"2021-05-10T01:12:58","date_gmt":"2021-05-10T00:12:58","guid":{"rendered":"https:\/\/www.adnsolution.net\/mba2\/?page_id=1143"},"modified":"2021-05-17T10:29:28","modified_gmt":"2021-05-17T09:29:28","slug":"environnement","status":"publish","type":"page","link":"https:\/\/www.adnsolution.net\/mba2\/le-musee\/environnement\/","title":{"rendered":"Environnement"},"content":{"rendered":"<p><img fetchpriority=\"high\" decoding=\"async\" class=\"size-medium wp-image-1332 alignright\" src=\"https:\/\/www.adnsolution.net\/mba2\/wp-content\/uploads\/2021\/05\/jardin-300x225.jpg\" alt=\"\" width=\"300\" height=\"225\" srcset=\"https:\/\/www.adnsolution.net\/mba2\/wp-content\/uploads\/2021\/05\/jardin-300x225.jpg 300w, https:\/\/www.adnsolution.net\/mba2\/wp-content\/uploads\/2021\/05\/jardin-768x576.jpg 768w, https:\/\/www.adnsolution.net\/mba2\/wp-content\/uploads\/2021\/05\/jardin.jpg 1024w\" sizes=\"(max-width: 300px) 100vw, 300px\" \/>Surplombant le vieux quartier du Hamma, face \u00e0 l\u2019un des plus anciens jardins botaniques du continent, \u00e0 quelques m\u00e8tres de la c\u00e9l\u00e8bre grotte Cervant\u00e8s qui servit de refuge \u00e0 l\u2019\u00e9crivain espagnol, de la fontaine des plantes et de la Villa Abd-El-Tif, se dresse, en amont d\u2019une des baies les plus spectaculaires du monde,\u00a0<em>le mus\u00e9e national des beaux-arts<\/em>. Il est environn\u00e9 depuis quelques ann\u00e9es, par le\u00a0<em>Sanctuaire des martyrs,\u00a0<\/em>le complexe culturel de Ryadh el Fath et la nouvelle biblioth\u00e8que nationale d\u2019Alg\u00e9rie.<\/p>\n","protected":false},"excerpt":{"rendered":"<p>Surplombant le vieux quartier du Hamma, face \u00e0 l\u2019un des plus anciens jardins botaniques du continent, \u00e0 quelques m\u00e8tres de la c\u00e9l\u00e8bre grotte Cervant\u00e8s qui servit de refuge \u00e0 l\u2019\u00e9crivain espagnol, de la fontaine des plantes et de la Villa Abd-El-Tif, se dresse, en amont d\u2019une des baies les plus spectaculaires du monde,\u00a0le mus\u00e9e national &hellip;<\/p>\n","protected":false},"author":1,"featured_media":0,"parent":925,"menu_order":0,"comment_status":"closed","ping_status":"closed","template":"","meta":{"footnotes":""},"class_list":["post-1143","page","type-page","status-publish",""],"_links":{"self":[{"href":"https:\/\/www.adnsolution.net\/mba2\/wp-json\/wp\/v2\/pages\/1143","targetHints":{"allow":["GET"]}}],"collection":[{"href":"https:\/\/www.adnsolution.net\/mba2\/wp-json\/wp\/v2\/pages"}],"about":[{"href":"https:\/\/www.adnsolution.net\/mba2\/wp-json\/wp\/v2\/types\/page"}],"author":[{"embeddable":true,"href":"https:\/\/www.adnsolution.net\/mba2\/wp-json\/wp\/v2\/users\/1"}],"replies":[{"embeddable":true,"href":"https:\/\/www.adnsolution.net\/mba2\/wp-json\/wp\/v2\/comments?post=1143"}],"version-history":[{"count":4,"href":"https:\/\/www.adnsolution.net\/mba2\/wp-json\/wp\/v2\/pages\/1143\/revisions"}],"predecessor-version":[{"id":1333,"href":"https:\/\/www.adnsolution.net\/mba2\/wp-json\/wp\/v2\/pages\/1143\/revisions\/1333"}],"up":[{"embeddable":true,"href":"https:\/\/www.adnsolution.net\/mba2\/wp-json\/wp\/v2\/pages\/925"}],"wp:attachment":[{"href":"https:\/\/www.adnsolution.net\/mba2\/wp-json\/wp\/v2\/media?parent=1143"}],"curies":[{"name":"wp","href":"https:\/\/api.w.org\/{rel}","templated":true}]}}