{"id":1145,"date":"2021-05-10T01:13:46","date_gmt":"2021-05-10T00:13:46","guid":{"rendered":"https:\/\/www.adnsolution.net\/mba2\/?page_id=1145"},"modified":"2021-05-17T10:33:23","modified_gmt":"2021-05-17T09:33:23","slug":"le-monument","status":"publish","type":"page","link":"https:\/\/www.adnsolution.net\/mba2\/le-musee\/le-monument\/","title":{"rendered":"Le monument"},"content":{"rendered":"<p>Le Mus\u00e9e Public National des Beaux- Arts, dont la conception est d\u00fb \u00e0 l\u2019architecte natif de Guelma, Paul Guion, est un\u00a0 b\u00e2timent de style art d\u00e9co de quatre niveaux; il est une \u00e9tonnante synth\u00e8se de styles divers, \u00a0\u00a0o\u00f9 se d\u00e9clinent en toute harmonie les influences d\u00e9coratives de l\u2019art musulman m\u00e9di\u00e9val comme celles de l\u2019art antique m\u00e9diterran\u00e9en associ\u00e9es \u00e0 celles de l\u2019art des ann\u00e9es 30.<\/p>\n<p>A toutes ces sp\u00e9cificit\u00e9s, qui conf\u00e8rent au lieu une grande originalit\u00e9, s\u2019ajoutent une Pergola suspendue \u00e0 l\u2019Italienne, ainsi qu\u2019un parc visitable o\u00f9 poussent diff\u00e9rentes esp\u00e8ces de la flore m\u00e9diterran\u00e9enne et africaine.<\/p>\n<p>Le mus\u00e9e fait l\u2019objet d\u2019un projet de restauration et de r\u00e9am\u00e9nagement depuis 1998, lequel, outre les importants travaux de mise hors d\u2019eau du b\u00e2timent et de confortement des structures, a port\u00e9 sur le r\u00e9am\u00e9nagement du parcours: de nouveaux espaces fonctionnels y ont \u00e9t\u00e9 cr\u00e9\u00e9s, tel un laboratoire, l\u2019am\u00e9nagement d\u2019un d\u00e9ambulatoire en espace p\u00e9dagogique, et la cr\u00e9ation de nouveaux espaces pour l\u2019administration ; le parcours de visite a, quant \u00e0 lui, \u00e9t\u00e9 enrichi de nouvelles salles comme les salles Mohamed Temam, Mohamed Loua\u00efl, A\u00efcha Haddad et les lieux d\u00e9volus \u00e0 l\u2019exposition de la collection de c\u00e9ramiques. Parall\u00e8lement, le mus\u00e9e a\u00a0 entam\u00e9 le r\u00e9am\u00e9nagement des espaces verts, qui s\u2019int\u00e8grent \u00e0 la v\u00e9g\u00e9tation du bois des Arcades.<\/p>\n<p>&nbsp;<\/p>\n<div class=\"gallery\"><\/div>\n<div id='gallery-1' class='gallery galleryid-1145 gallery-columns-3 gallery-size-thumbnail'><figure class='gallery-item'>\n\t\t\t<div class='gallery-icon landscape'>\n\t\t\t\t<a href='https:\/\/www.adnsolution.net\/mba2\/wp-content\/uploads\/2021\/05\/41084f7c-75f0-11e2-86d8-9b8f14aa3e73-493x328-1.jpg'><img decoding=\"async\" width=\"150\" height=\"150\" src=\"https:\/\/www.adnsolution.net\/mba2\/wp-content\/uploads\/2021\/05\/41084f7c-75f0-11e2-86d8-9b8f14aa3e73-493x328-1-150x150.jpg\" class=\"attachment-thumbnail size-thumbnail\" alt=\"\" \/><\/a>\n\t\t\t<\/div><\/figure><figure class='gallery-item'>\n\t\t\t<div class='gallery-icon landscape'>\n\t\t\t\t<a href='https:\/\/www.adnsolution.net\/mba2\/wp-content\/uploads\/2021\/05\/78839.jpg'><img decoding=\"async\" width=\"150\" height=\"150\" src=\"https:\/\/www.adnsolution.net\/mba2\/wp-content\/uploads\/2021\/05\/78839-150x150.jpg\" class=\"attachment-thumbnail size-thumbnail\" alt=\"\" \/><\/a>\n\t\t\t<\/div><\/figure><figure class='gallery-item'>\n\t\t\t<div class='gallery-icon landscape'>\n\t\t\t\t<a href='https:\/\/www.adnsolution.net\/mba2\/wp-content\/uploads\/2021\/05\/29260973.jpg'><img decoding=\"async\" width=\"150\" height=\"150\" src=\"https:\/\/www.adnsolution.net\/mba2\/wp-content\/uploads\/2021\/05\/29260973-150x150.jpg\" class=\"attachment-thumbnail size-thumbnail\" alt=\"\" \/><\/a>\n\t\t\t<\/div><\/figure><figure class='gallery-item'>\n\t\t\t<div class='gallery-icon landscape'>\n\t\t\t\t<a href='https:\/\/www.adnsolution.net\/mba2\/wp-content\/uploads\/2021\/05\/29615442.jpg'><img loading=\"lazy\" decoding=\"async\" width=\"150\" height=\"150\" src=\"https:\/\/www.adnsolution.net\/mba2\/wp-content\/uploads\/2021\/05\/29615442-150x150.jpg\" class=\"attachment-thumbnail size-thumbnail\" alt=\"\" \/><\/a>\n\t\t\t<\/div><\/figure><figure class='gallery-item'>\n\t\t\t<div class='gallery-icon landscape'>\n\t\t\t\t<a href='https:\/\/www.adnsolution.net\/mba2\/wp-content\/uploads\/2021\/05\/3633508458_bfe534b729.jpg'><img loading=\"lazy\" decoding=\"async\" width=\"150\" height=\"150\" src=\"https:\/\/www.adnsolution.net\/mba2\/wp-content\/uploads\/2021\/05\/3633508458_bfe534b729-150x150.jpg\" class=\"attachment-thumbnail size-thumbnail\" alt=\"\" \/><\/a>\n\t\t\t<\/div><\/figure><figure class='gallery-item'>\n\t\t\t<div class='gallery-icon landscape'>\n\t\t\t\t<a href='https:\/\/www.adnsolution.net\/mba2\/wp-content\/uploads\/2021\/05\/5359561497_d6037e70b7.jpg'><img loading=\"lazy\" decoding=\"async\" width=\"150\" height=\"150\" src=\"https:\/\/www.adnsolution.net\/mba2\/wp-content\/uploads\/2021\/05\/5359561497_d6037e70b7-150x150.jpg\" class=\"attachment-thumbnail size-thumbnail\" alt=\"\" \/><\/a>\n\t\t\t<\/div><\/figure><figure class='gallery-item'>\n\t\t\t<div class='gallery-icon landscape'>\n\t\t\t\t<a href='https:\/\/www.adnsolution.net\/mba2\/wp-content\/uploads\/2021\/05\/artsmusee.jpg'><img loading=\"lazy\" decoding=\"async\" width=\"150\" height=\"150\" src=\"https:\/\/www.adnsolution.net\/mba2\/wp-content\/uploads\/2021\/05\/artsmusee-150x150.jpg\" class=\"attachment-thumbnail size-thumbnail\" alt=\"\" \/><\/a>\n\t\t\t<\/div><\/figure><figure class='gallery-item'>\n\t\t\t<div class='gallery-icon landscape'>\n\t\t\t\t<a href='https:\/\/www.adnsolution.net\/mba2\/wp-content\/uploads\/2021\/05\/MNBA.jpg'><img loading=\"lazy\" decoding=\"async\" width=\"150\" height=\"150\" src=\"https:\/\/www.adnsolution.net\/mba2\/wp-content\/uploads\/2021\/05\/MNBA-150x150.jpg\" class=\"attachment-thumbnail size-thumbnail\" alt=\"\" \/><\/a>\n\t\t\t<\/div><\/figure><figure class='gallery-item'>\n\t\t\t<div class='gallery-icon landscape'>\n\t\t\t\t<a href='https:\/\/www.adnsolution.net\/mba2\/wp-content\/uploads\/2021\/05\/pt157390.jpg'><img loading=\"lazy\" decoding=\"async\" width=\"150\" height=\"150\" src=\"https:\/\/www.adnsolution.net\/mba2\/wp-content\/uploads\/2021\/05\/pt157390-150x150.jpg\" class=\"attachment-thumbnail size-thumbnail\" alt=\"\" \/><\/a>\n\t\t\t<\/div><\/figure>\n\t\t<\/div>\n\n<div class=\"gallery\"><\/div>\n","protected":false},"excerpt":{"rendered":"<p>Le Mus\u00e9e Public National des Beaux- Arts, dont la conception est d\u00fb \u00e0 l\u2019architecte natif de Guelma, Paul Guion, est un\u00a0 b\u00e2timent de style art d\u00e9co de quatre niveaux; il est une \u00e9tonnante synth\u00e8se de styles divers, \u00a0\u00a0o\u00f9 se d\u00e9clinent en toute harmonie les influences d\u00e9coratives de l\u2019art musulman m\u00e9di\u00e9val comme celles de l\u2019art antique &hellip;<\/p>\n","protected":false},"author":1,"featured_media":0,"parent":925,"menu_order":0,"comment_status":"closed","ping_status":"closed","template":"","meta":{"footnotes":""},"class_list":["post-1145","page","type-page","status-publish",""],"_links":{"self":[{"href":"https:\/\/www.adnsolution.net\/mba2\/wp-json\/wp\/v2\/pages\/1145","targetHints":{"allow":["GET"]}}],"collection":[{"href":"https:\/\/www.adnsolution.net\/mba2\/wp-json\/wp\/v2\/pages"}],"about":[{"href":"https:\/\/www.adnsolution.net\/mba2\/wp-json\/wp\/v2\/types\/page"}],"author":[{"embeddable":true,"href":"https:\/\/www.adnsolution.net\/mba2\/wp-json\/wp\/v2\/users\/1"}],"replies":[{"embeddable":true,"href":"https:\/\/www.adnsolution.net\/mba2\/wp-json\/wp\/v2\/comments?post=1145"}],"version-history":[{"count":5,"href":"https:\/\/www.adnsolution.net\/mba2\/wp-json\/wp\/v2\/pages\/1145\/revisions"}],"predecessor-version":[{"id":1345,"href":"https:\/\/www.adnsolution.net\/mba2\/wp-json\/wp\/v2\/pages\/1145\/revisions\/1345"}],"up":[{"embeddable":true,"href":"https:\/\/www.adnsolution.net\/mba2\/wp-json\/wp\/v2\/pages\/925"}],"wp:attachment":[{"href":"https:\/\/www.adnsolution.net\/mba2\/wp-json\/wp\/v2\/media?parent=1145"}],"curies":[{"name":"wp","href":"https:\/\/api.w.org\/{rel}","templated":true}]}}