{"id":1167,"date":"2021-05-10T01:33:13","date_gmt":"2021-05-10T00:33:13","guid":{"rendered":"https:\/\/www.adnsolution.net\/mba2\/?page_id=1167"},"modified":"2021-05-17T13:35:26","modified_gmt":"2021-05-17T12:35:26","slug":"arts-graphiques","status":"publish","type":"page","link":"https:\/\/www.adnsolution.net\/mba2\/les-collections\/presentation\/arts-graphiques\/","title":{"rendered":"Arts graphiques"},"content":{"rendered":"<p>Ce lieu, qui a \u00e9t\u00e9 cr\u00e9\u00e9 vers la fin des ann\u00e9es 40 afin de conserver les dessins, gravures, estampes et lithographies,\u00a0 constitue aujourd\u2019hui un des hauts lieux du mus\u00e9e\u00a0et porte le nom de l\u2019un des ma\u00eetres de l\u2019art ornemental alg\u00e9rien, Mohamed Racim: cet espace qui renferme plus de 3500 \u0153uvres, a \u00e9t\u00e9 r\u00e9cemment r\u00e9organis\u00e9 en diff\u00e9rentes sections\u00a0dont les plus importantes sont:<\/p>\n<p>&#8211; Chefs-d\u2019\u0153uvre de l\u2019art historique universel du XIV\u00e8me au XX\u00e8me, avec notamment quelques magnifiques \u0153uvres italiennes (Modigliani), espagnoles (Picasso), fran\u00e7aises (Greuze, Millet, Daumier, Matisse), flamandes et hollandaises (Breughel, Van de velde).<\/p>\n<p>&#8211; La lithographie consacr\u00e9e \u00e0 l\u2019histoire de l\u2019Alg\u00e9rie \u00e0 travers l\u2019\u00e9pop\u00e9e militaire et la description documentaire (Dauzats, Raffet, Wyld et Lessore, Otth etc\u2026) et la caricature.<\/p>\n<p>&#8211; L\u2019art alg\u00e9rien comportant un ensemble unique de miniatures de Mohamed Racim, ainsi qu\u2019un fonds qui r\u00e9unit un nombre consid\u00e9rable d\u2019aquarelles et de gravures des artistes Khadda, Benanteur, Mesli, Loua\u00efl, Hioun,\u00a0 etc\u2026 .<\/p>\n<p>&#8211; Une section d\u2019art photographique a pu \u00eatre cr\u00e9\u00e9e vers la fin des ann\u00e9es 90 gr\u00e2ce aux dons des photographes alg\u00e9riens Ali Hafied et El Hadi Hamdik\u00e8ne.<\/p>\n<p>&#8211; Enfin, le cabinet renferme trois autres sections tr\u00e8s importantes et r\u00e9guli\u00e8rement pr\u00e9sent\u00e9es: celle de l\u2019\u00e9cole d\u2019Alger qui r\u00e9unit les aquarelles et gravures des artistes natifs d\u2019Alg\u00e9rie des ann\u00e9es 1910 \u00e0 1962, celle des artistes pensionnaires de la Villa Abd-el-Tif , enfin le fonds qui a pu \u00eatre constitu\u00e9 \u00e0 partir de 1964, d\u2019art moderne universel avec notamment des \u0153uvres telles que \u00ab l\u2019ange \u00bb du peintre cubain Wifredo Lam.<\/p>\n<p>Ces \u0153uvres, d\u2019une grande fragilit\u00e9 et n\u00e9cessitant un temps d\u2019exposition tr\u00e8s r\u00e9duit, ne sont expos\u00e9es qu\u2019\u00e0 l\u2019occasion d\u2019expositions th\u00e9matiques.<\/p>\n<div id='gallery-1' class='gallery galleryid-1167 gallery-columns-3 gallery-size-thumbnail'><figure class='gallery-item'>\n\t\t\t<div class='gallery-icon landscape'>\n\t\t\t\t<a href='https:\/\/www.adnsolution.net\/mba2\/wp-content\/uploads\/2021\/05\/COUTURE-Thomas-IG3288.jpg'><img decoding=\"async\" width=\"150\" height=\"150\" src=\"https:\/\/www.adnsolution.net\/mba2\/wp-content\/uploads\/2021\/05\/COUTURE-Thomas-IG3288-150x150.jpg\" class=\"attachment-thumbnail size-thumbnail\" alt=\"\" \/><\/a>\n\t\t\t<\/div><\/figure><figure class='gallery-item'>\n\t\t\t<div class='gallery-icon portrait'>\n\t\t\t\t<a href='https:\/\/www.adnsolution.net\/mba2\/wp-content\/uploads\/2021\/05\/DAUMIER-Honore-IG3742.jpg'><img decoding=\"async\" width=\"150\" height=\"150\" src=\"https:\/\/www.adnsolution.net\/mba2\/wp-content\/uploads\/2021\/05\/DAUMIER-Honore-IG3742-150x150.jpg\" class=\"attachment-thumbnail size-thumbnail\" alt=\"\" \/><\/a>\n\t\t\t<\/div><\/figure><figure class='gallery-item'>\n\t\t\t<div class='gallery-icon portrait'>\n\t\t\t\t<a href='https:\/\/www.adnsolution.net\/mba2\/wp-content\/uploads\/2021\/05\/DEGAS-Edgar-IG2852.jpg'><img decoding=\"async\" width=\"150\" height=\"150\" src=\"https:\/\/www.adnsolution.net\/mba2\/wp-content\/uploads\/2021\/05\/DEGAS-Edgar-IG2852-150x150.jpg\" class=\"attachment-thumbnail size-thumbnail\" alt=\"\" \/><\/a>\n\t\t\t<\/div><\/figure><figure class='gallery-item'>\n\t\t\t<div class='gallery-icon portrait'>\n\t\t\t\t<a href='https:\/\/www.adnsolution.net\/mba2\/wp-content\/uploads\/2021\/05\/GREUZE-IG382.jpg'><img loading=\"lazy\" decoding=\"async\" width=\"150\" height=\"150\" src=\"https:\/\/www.adnsolution.net\/mba2\/wp-content\/uploads\/2021\/05\/GREUZE-IG382-150x150.jpg\" class=\"attachment-thumbnail size-thumbnail\" alt=\"\" \/><\/a>\n\t\t\t<\/div><\/figure><figure class='gallery-item'>\n\t\t\t<div class='gallery-icon portrait'>\n\t\t\t\t<a href='https:\/\/www.adnsolution.net\/mba2\/wp-content\/uploads\/2021\/05\/PICASSO-Pablo-IG3504.jpg'><img loading=\"lazy\" decoding=\"async\" width=\"150\" height=\"150\" src=\"https:\/\/www.adnsolution.net\/mba2\/wp-content\/uploads\/2021\/05\/PICASSO-Pablo-IG3504-150x150.jpg\" class=\"attachment-thumbnail size-thumbnail\" alt=\"\" \/><\/a>\n\t\t\t<\/div><\/figure><figure class='gallery-item'>\n\t\t\t<div class='gallery-icon landscape'>\n\t\t\t\t<a href='https:\/\/www.adnsolution.net\/mba2\/wp-content\/uploads\/2021\/05\/SAINT-AUBIN-IG296.jpg'><img loading=\"lazy\" decoding=\"async\" width=\"150\" height=\"150\" src=\"https:\/\/www.adnsolution.net\/mba2\/wp-content\/uploads\/2021\/05\/SAINT-AUBIN-IG296-150x150.jpg\" class=\"attachment-thumbnail size-thumbnail\" alt=\"\" \/><\/a>\n\t\t\t<\/div><\/figure><figure class='gallery-item'>\n\t\t\t<div class='gallery-icon landscape'>\n\t\t\t\t<a href='https:\/\/www.adnsolution.net\/mba2\/wp-content\/uploads\/2021\/05\/SINTES-NI401.jpg'><img loading=\"lazy\" decoding=\"async\" width=\"150\" height=\"150\" src=\"https:\/\/www.adnsolution.net\/mba2\/wp-content\/uploads\/2021\/05\/SINTES-NI401-150x150.jpg\" class=\"attachment-thumbnail size-thumbnail\" alt=\"\" \/><\/a>\n\t\t\t<\/div><\/figure><figure class='gallery-item'>\n\t\t\t<div class='gallery-icon portrait'>\n\t\t\t\t<a href='https:\/\/www.adnsolution.net\/mba2\/wp-content\/uploads\/2021\/05\/TOULOUSE-LAUTREC-IG2725.jpg'><img loading=\"lazy\" decoding=\"async\" width=\"150\" height=\"150\" src=\"https:\/\/www.adnsolution.net\/mba2\/wp-content\/uploads\/2021\/05\/TOULOUSE-LAUTREC-IG2725-150x150.jpg\" class=\"attachment-thumbnail size-thumbnail\" alt=\"\" \/><\/a>\n\t\t\t<\/div><\/figure>\n\t\t<\/div>\n\n","protected":false},"excerpt":{"rendered":"<p>Ce lieu, qui a \u00e9t\u00e9 cr\u00e9\u00e9 vers la fin des ann\u00e9es 40 afin de conserver les dessins, gravures, estampes et lithographies,\u00a0 constitue aujourd\u2019hui un des hauts lieux du mus\u00e9e\u00a0et porte le nom de l\u2019un des ma\u00eetres de l\u2019art ornemental alg\u00e9rien, Mohamed Racim: cet espace qui renferme plus de 3500 \u0153uvres, a \u00e9t\u00e9 r\u00e9cemment r\u00e9organis\u00e9 en &hellip;<\/p>\n","protected":false},"author":1,"featured_media":0,"parent":1105,"menu_order":0,"comment_status":"closed","ping_status":"closed","template":"","meta":{"footnotes":""},"class_list":["post-1167","page","type-page","status-publish",""],"_links":{"self":[{"href":"https:\/\/www.adnsolution.net\/mba2\/wp-json\/wp\/v2\/pages\/1167","targetHints":{"allow":["GET"]}}],"collection":[{"href":"https:\/\/www.adnsolution.net\/mba2\/wp-json\/wp\/v2\/pages"}],"about":[{"href":"https:\/\/www.adnsolution.net\/mba2\/wp-json\/wp\/v2\/types\/page"}],"author":[{"embeddable":true,"href":"https:\/\/www.adnsolution.net\/mba2\/wp-json\/wp\/v2\/users\/1"}],"replies":[{"embeddable":true,"href":"https:\/\/www.adnsolution.net\/mba2\/wp-json\/wp\/v2\/comments?post=1167"}],"version-history":[{"count":3,"href":"https:\/\/www.adnsolution.net\/mba2\/wp-json\/wp\/v2\/pages\/1167\/revisions"}],"predecessor-version":[{"id":1466,"href":"https:\/\/www.adnsolution.net\/mba2\/wp-json\/wp\/v2\/pages\/1167\/revisions\/1466"}],"up":[{"embeddable":true,"href":"https:\/\/www.adnsolution.net\/mba2\/wp-json\/wp\/v2\/pages\/1105"}],"wp:attachment":[{"href":"https:\/\/www.adnsolution.net\/mba2\/wp-json\/wp\/v2\/media?parent=1167"}],"curies":[{"name":"wp","href":"https:\/\/api.w.org\/{rel}","templated":true}]}}