{"id":1169,"date":"2021-05-10T01:34:37","date_gmt":"2021-05-10T00:34:37","guid":{"rendered":"https:\/\/www.adnsolution.net\/mba2\/?page_id=1169"},"modified":"2021-05-17T13:27:51","modified_gmt":"2021-05-17T12:27:51","slug":"scultures","status":"publish","type":"page","link":"https:\/\/www.adnsolution.net\/mba2\/les-collections\/presentation\/scultures\/","title":{"rendered":"Scultures"},"content":{"rendered":"<p>Cette collection, \u00a0bien que peu importante en nombre, a fait l\u2019objet de toute l\u2019attention du mus\u00e9e au cours des 20 derni\u00e8res ann\u00e9es; \u00a0au cours des r\u00e9am\u00e9nagements op\u00e9r\u00e9s dans les r\u00e9serves, il a \u00e9t\u00e9 choisi de pr\u00e9senter toute la collection de sculpture au public\u00a0: celle-ci renferme d\u2019importantes \u0153uvres originales provenant des ateliers d\u2019artistes eux-m\u00eames.<\/p>\n<p><strong>Parmi les diff\u00e9rentes sections, on peut signaler\u00a0:<\/strong><\/p>\n<p>&#8211; Les bois primitifs polychromes des XV\u00e8me et XVI\u00e8me si\u00e8cles, pr\u00e9sent\u00e9s dans la salle A\u00efcha Haddad;<\/p>\n<p>&#8211; Les terres-cuites des sculpteurs du XVIII\u00e8me Caffieri, Lemoyne, etc<\/p>\n<p>&#8211; Le XIX\u00e8me si\u00e8cle repr\u00e9sent\u00e9 par ses principaux sculpteurs : Fran\u00e7ois Rude, buste de la Marseillaise, Jean-Baptiste Carpeaux, \u00ab la rieuse aux lauriers \u00bb, Auguste Rodin dont on peut voir l\u2019\u00e2ge d\u2019airain, le printemps, les bustes de Jean-Paul Laurens et d\u2019Eug\u00e8ne Guillaume, les sculptures animali\u00e8res de Barye.<\/p>\n<p>&#8211; Le XX\u00e8me est,\u00a0 quant \u00e0 lui, le si\u00e8cle le mieux repr\u00e9sent\u00e9 : outre les tr\u00e8s belles \u0153uvres des grands noms de l\u2019\u00e9cole d\u2019Alger (Andr\u00e9 Greck, Paul Belmondo, Marcel Damboise, etc\u2026) auxquels le mus\u00e9e a consacr\u00e9 diff\u00e9rents espaces, de v\u00e9ritables chefs d\u2019\u0153uvre jalonnent le parcours, en particulier les ma\u00eetres de l\u2019\u00e9cole de Paris, Gimond , Pompon, Schnegg, etc\u2026, les statuaires Albert Pommier, Georges Minne, Raymond Martin dont on pourra admirer les \u0153uvres dans la Pergola.<\/p>\n<p>&#8211; A noter aussi, les productions plus r\u00e9centes des sculpteurs alg\u00e9riens Demagh,\u00a0 Boukerche, Akriche, Martinez, Adane, que l\u2019on pourra voir dans la galerie des bronzes aux c\u00f4t\u00e9s des bustes de Niclausse et de Bourdelle, dont l\u2019H\u00e9rakl\u00e8s archer\u00a0 occupe le centre de l\u2019espace.<\/p>\n<p>A noter l\u2019existence d\u2019une salle enti\u00e8rement d\u00e9volue, depuis 1951, \u00e0 l\u2019art du sculpteur Charles Despiau, suite \u00e0 une donation de la veuve de celui-ci.<\/p>\n<div id='gallery-1' class='gallery galleryid-1169 gallery-columns-3 gallery-size-thumbnail'><figure class='gallery-item'>\n\t\t\t<div class='gallery-icon portrait'>\n\t\t\t\t<a href='https:\/\/www.adnsolution.net\/mba2\/wp-content\/uploads\/2021\/05\/ADANE-Mustapha-IG5187.jpg'><img decoding=\"async\" width=\"150\" height=\"150\" src=\"https:\/\/www.adnsolution.net\/mba2\/wp-content\/uploads\/2021\/05\/ADANE-Mustapha-IG5187-150x150.jpg\" class=\"attachment-thumbnail size-thumbnail\" alt=\"\" \/><\/a>\n\t\t\t<\/div><\/figure><figure class='gallery-item'>\n\t\t\t<div class='gallery-icon portrait'>\n\t\t\t\t<a href='https:\/\/www.adnsolution.net\/mba2\/wp-content\/uploads\/2021\/05\/AKRICHE-Ahmed-NI780.jpg'><img decoding=\"async\" width=\"150\" height=\"150\" src=\"https:\/\/www.adnsolution.net\/mba2\/wp-content\/uploads\/2021\/05\/AKRICHE-Ahmed-NI780-150x150.jpg\" class=\"attachment-thumbnail size-thumbnail\" alt=\"\" \/><\/a>\n\t\t\t<\/div><\/figure><figure class='gallery-item'>\n\t\t\t<div class='gallery-icon landscape'>\n\t\t\t\t<a href='https:\/\/www.adnsolution.net\/mba2\/wp-content\/uploads\/2021\/05\/BARYE-Antoine-Louis-IG725.jpg'><img decoding=\"async\" width=\"150\" height=\"150\" src=\"https:\/\/www.adnsolution.net\/mba2\/wp-content\/uploads\/2021\/05\/BARYE-Antoine-Louis-IG725-150x150.jpg\" class=\"attachment-thumbnail size-thumbnail\" alt=\"\" \/><\/a>\n\t\t\t<\/div><\/figure><figure class='gallery-item'>\n\t\t\t<div class='gallery-icon portrait'>\n\t\t\t\t<a href='https:\/\/www.adnsolution.net\/mba2\/wp-content\/uploads\/2021\/05\/BELMONDO-Paul-IG1541-1.jpg'><img loading=\"lazy\" decoding=\"async\" width=\"150\" height=\"150\" src=\"https:\/\/www.adnsolution.net\/mba2\/wp-content\/uploads\/2021\/05\/BELMONDO-Paul-IG1541-1-150x150.jpg\" class=\"attachment-thumbnail size-thumbnail\" alt=\"\" \/><\/a>\n\t\t\t<\/div><\/figure><figure class='gallery-item'>\n\t\t\t<div class='gallery-icon portrait'>\n\t\t\t\t<a href='https:\/\/www.adnsolution.net\/mba2\/wp-content\/uploads\/2021\/05\/BELMONDO-Paul-IG3265-1.jpg'><img loading=\"lazy\" decoding=\"async\" width=\"150\" height=\"150\" src=\"https:\/\/www.adnsolution.net\/mba2\/wp-content\/uploads\/2021\/05\/BELMONDO-Paul-IG3265-1-150x150.jpg\" class=\"attachment-thumbnail size-thumbnail\" alt=\"\" \/><\/a>\n\t\t\t<\/div><\/figure><figure class='gallery-item'>\n\t\t\t<div class='gallery-icon portrait'>\n\t\t\t\t<a href='https:\/\/www.adnsolution.net\/mba2\/wp-content\/uploads\/2021\/05\/BOURDELLE-Antoine-IG736.jpg'><img loading=\"lazy\" decoding=\"async\" width=\"150\" height=\"150\" src=\"https:\/\/www.adnsolution.net\/mba2\/wp-content\/uploads\/2021\/05\/BOURDELLE-Antoine-IG736-150x150.jpg\" class=\"attachment-thumbnail size-thumbnail\" alt=\"\" \/><\/a>\n\t\t\t<\/div><\/figure><figure class='gallery-item'>\n\t\t\t<div class='gallery-icon portrait'>\n\t\t\t\t<a href='https:\/\/www.adnsolution.net\/mba2\/wp-content\/uploads\/2021\/05\/CAFFIERI-Jean-Jacques-IG2855.jpg'><img loading=\"lazy\" decoding=\"async\" width=\"150\" height=\"150\" src=\"https:\/\/www.adnsolution.net\/mba2\/wp-content\/uploads\/2021\/05\/CAFFIERI-Jean-Jacques-IG2855-150x150.jpg\" class=\"attachment-thumbnail size-thumbnail\" alt=\"\" \/><\/a>\n\t\t\t<\/div><\/figure><figure class='gallery-item'>\n\t\t\t<div class='gallery-icon portrait'>\n\t\t\t\t<a href='https:\/\/www.adnsolution.net\/mba2\/wp-content\/uploads\/2021\/05\/CARDENAS-Augustin-IG3983.jpg'><img loading=\"lazy\" decoding=\"async\" width=\"150\" height=\"150\" src=\"https:\/\/www.adnsolution.net\/mba2\/wp-content\/uploads\/2021\/05\/CARDENAS-Augustin-IG3983-150x150.jpg\" class=\"attachment-thumbnail size-thumbnail\" alt=\"\" \/><\/a>\n\t\t\t<\/div><\/figure><figure class='gallery-item'>\n\t\t\t<div class='gallery-icon portrait'>\n\t\t\t\t<a href='https:\/\/www.adnsolution.net\/mba2\/wp-content\/uploads\/2021\/05\/CARPEAUX-Jean-Baptiste-IG2853.jpg'><img loading=\"lazy\" decoding=\"async\" width=\"150\" height=\"150\" src=\"https:\/\/www.adnsolution.net\/mba2\/wp-content\/uploads\/2021\/05\/CARPEAUX-Jean-Baptiste-IG2853-150x150.jpg\" class=\"attachment-thumbnail size-thumbnail\" alt=\"\" \/><\/a>\n\t\t\t<\/div><\/figure><figure class='gallery-item'>\n\t\t\t<div class='gallery-icon portrait'>\n\t\t\t\t<a href='https:\/\/www.adnsolution.net\/mba2\/wp-content\/uploads\/2021\/05\/DEGAS-Edgar-IG2857.jpg'><img loading=\"lazy\" decoding=\"async\" width=\"150\" height=\"150\" src=\"https:\/\/www.adnsolution.net\/mba2\/wp-content\/uploads\/2021\/05\/DEGAS-Edgar-IG2857-150x150.jpg\" class=\"attachment-thumbnail size-thumbnail\" alt=\"\" \/><\/a>\n\t\t\t<\/div><\/figure><figure class='gallery-item'>\n\t\t\t<div class='gallery-icon portrait'>\n\t\t\t\t<a href='https:\/\/www.adnsolution.net\/mba2\/wp-content\/uploads\/2021\/05\/DUBOIS-IG7808.jpg'><img loading=\"lazy\" decoding=\"async\" width=\"150\" height=\"150\" src=\"https:\/\/www.adnsolution.net\/mba2\/wp-content\/uploads\/2021\/05\/DUBOIS-IG7808-150x150.jpg\" class=\"attachment-thumbnail size-thumbnail\" alt=\"\" \/><\/a>\n\t\t\t<\/div><\/figure><figure class='gallery-item'>\n\t\t\t<div class='gallery-icon portrait'>\n\t\t\t\t<a href='https:\/\/www.adnsolution.net\/mba2\/wp-content\/uploads\/2021\/05\/GIMOND-Marcel-IG2880.jpg'><img loading=\"lazy\" decoding=\"async\" width=\"150\" height=\"150\" src=\"https:\/\/www.adnsolution.net\/mba2\/wp-content\/uploads\/2021\/05\/GIMOND-Marcel-IG2880-150x150.jpg\" class=\"attachment-thumbnail size-thumbnail\" alt=\"\" \/><\/a>\n\t\t\t<\/div><\/figure><figure class='gallery-item'>\n\t\t\t<div class='gallery-icon portrait'>\n\t\t\t\t<a href='https:\/\/www.adnsolution.net\/mba2\/wp-content\/uploads\/2021\/05\/GRECK-Andre-IG2269.jpg'><img loading=\"lazy\" decoding=\"async\" width=\"150\" height=\"150\" src=\"https:\/\/www.adnsolution.net\/mba2\/wp-content\/uploads\/2021\/05\/GRECK-Andre-IG2269-150x150.jpg\" class=\"attachment-thumbnail size-thumbnail\" alt=\"\" \/><\/a>\n\t\t\t<\/div><\/figure><figure class='gallery-item'>\n\t\t\t<div class='gallery-icon portrait'>\n\t\t\t\t<a href='https:\/\/www.adnsolution.net\/mba2\/wp-content\/uploads\/2021\/05\/LANDOVSKY-Paul-IG762.jpg'><img loading=\"lazy\" decoding=\"async\" width=\"150\" height=\"150\" src=\"https:\/\/www.adnsolution.net\/mba2\/wp-content\/uploads\/2021\/05\/LANDOVSKY-Paul-IG762-150x150.jpg\" class=\"attachment-thumbnail size-thumbnail\" alt=\"\" \/><\/a>\n\t\t\t<\/div><\/figure><figure class='gallery-item'>\n\t\t\t<div class='gallery-icon portrait'>\n\t\t\t\t<a href='https:\/\/www.adnsolution.net\/mba2\/wp-content\/uploads\/2021\/05\/LEMOYNE-Jean-Baptiste-IG2099.jpg'><img loading=\"lazy\" decoding=\"async\" width=\"150\" height=\"150\" src=\"https:\/\/www.adnsolution.net\/mba2\/wp-content\/uploads\/2021\/05\/LEMOYNE-Jean-Baptiste-IG2099-150x150.jpg\" class=\"attachment-thumbnail size-thumbnail\" alt=\"\" \/><\/a>\n\t\t\t<\/div><\/figure><figure class='gallery-item'>\n\t\t\t<div class='gallery-icon portrait'>\n\t\t\t\t<a href='https:\/\/www.adnsolution.net\/mba2\/wp-content\/uploads\/2021\/05\/MAILLOL-Aristide-IG763.jpg'><img loading=\"lazy\" decoding=\"async\" width=\"150\" height=\"150\" src=\"https:\/\/www.adnsolution.net\/mba2\/wp-content\/uploads\/2021\/05\/MAILLOL-Aristide-IG763-150x150.jpg\" class=\"attachment-thumbnail size-thumbnail\" alt=\"\" \/><\/a>\n\t\t\t<\/div><\/figure><figure class='gallery-item'>\n\t\t\t<div class='gallery-icon portrait'>\n\t\t\t\t<a href='https:\/\/www.adnsolution.net\/mba2\/wp-content\/uploads\/2021\/05\/MARTINEZ-Francois-IG2183-2.jpg'><img loading=\"lazy\" decoding=\"async\" width=\"150\" height=\"150\" src=\"https:\/\/www.adnsolution.net\/mba2\/wp-content\/uploads\/2021\/05\/MARTINEZ-Francois-IG2183-2-150x150.jpg\" class=\"attachment-thumbnail size-thumbnail\" alt=\"\" \/><\/a>\n\t\t\t<\/div><\/figure><figure class='gallery-item'>\n\t\t\t<div class='gallery-icon landscape'>\n\t\t\t\t<a href='https:\/\/www.adnsolution.net\/mba2\/wp-content\/uploads\/2021\/05\/POMPON-Francois-IG775.jpg'><img loading=\"lazy\" decoding=\"async\" width=\"150\" height=\"150\" src=\"https:\/\/www.adnsolution.net\/mba2\/wp-content\/uploads\/2021\/05\/POMPON-Francois-IG775-150x150.jpg\" class=\"attachment-thumbnail size-thumbnail\" alt=\"\" \/><\/a>\n\t\t\t<\/div><\/figure><figure class='gallery-item'>\n\t\t\t<div class='gallery-icon portrait'>\n\t\t\t\t<a href='https:\/\/www.adnsolution.net\/mba2\/wp-content\/uploads\/2021\/05\/RODIN-Auguste-IG784.jpg'><img loading=\"lazy\" decoding=\"async\" width=\"150\" height=\"150\" src=\"https:\/\/www.adnsolution.net\/mba2\/wp-content\/uploads\/2021\/05\/RODIN-Auguste-IG784-150x150.jpg\" class=\"attachment-thumbnail size-thumbnail\" alt=\"\" \/><\/a>\n\t\t\t<\/div><\/figure><figure class='gallery-item'>\n\t\t\t<div class='gallery-icon portrait'>\n\t\t\t\t<a href='https:\/\/www.adnsolution.net\/mba2\/wp-content\/uploads\/2021\/05\/RODIN-Auguste-IG1699.jpg'><img loading=\"lazy\" decoding=\"async\" width=\"150\" height=\"150\" src=\"https:\/\/www.adnsolution.net\/mba2\/wp-content\/uploads\/2021\/05\/RODIN-Auguste-IG1699-150x150.jpg\" class=\"attachment-thumbnail size-thumbnail\" alt=\"\" \/><\/a>\n\t\t\t<\/div><\/figure><figure class='gallery-item'>\n\t\t\t<div class='gallery-icon portrait'>\n\t\t\t\t<a href='https:\/\/www.adnsolution.net\/mba2\/wp-content\/uploads\/2021\/05\/RUDE-Francois-IG1699.jpg'><img loading=\"lazy\" decoding=\"async\" width=\"150\" height=\"150\" src=\"https:\/\/www.adnsolution.net\/mba2\/wp-content\/uploads\/2021\/05\/RUDE-Francois-IG1699-150x150.jpg\" class=\"attachment-thumbnail size-thumbnail\" alt=\"\" \/><\/a>\n\t\t\t<\/div><\/figure>\n\t\t<\/div>\n\n","protected":false},"excerpt":{"rendered":"<p>Cette collection, \u00a0bien que peu importante en nombre, a fait l\u2019objet de toute l\u2019attention du mus\u00e9e au cours des 20 derni\u00e8res ann\u00e9es; \u00a0au cours des r\u00e9am\u00e9nagements op\u00e9r\u00e9s dans les r\u00e9serves, il a \u00e9t\u00e9 choisi de pr\u00e9senter toute la collection de sculpture au public\u00a0: celle-ci renferme d\u2019importantes \u0153uvres originales provenant des ateliers d\u2019artistes eux-m\u00eames. Parmi les &hellip;<\/p>\n","protected":false},"author":1,"featured_media":0,"parent":1105,"menu_order":0,"comment_status":"closed","ping_status":"closed","template":"","meta":{"footnotes":""},"class_list":["post-1169","page","type-page","status-publish",""],"_links":{"self":[{"href":"https:\/\/www.adnsolution.net\/mba2\/wp-json\/wp\/v2\/pages\/1169","targetHints":{"allow":["GET"]}}],"collection":[{"href":"https:\/\/www.adnsolution.net\/mba2\/wp-json\/wp\/v2\/pages"}],"about":[{"href":"https:\/\/www.adnsolution.net\/mba2\/wp-json\/wp\/v2\/types\/page"}],"author":[{"embeddable":true,"href":"https:\/\/www.adnsolution.net\/mba2\/wp-json\/wp\/v2\/users\/1"}],"replies":[{"embeddable":true,"href":"https:\/\/www.adnsolution.net\/mba2\/wp-json\/wp\/v2\/comments?post=1169"}],"version-history":[{"count":2,"href":"https:\/\/www.adnsolution.net\/mba2\/wp-json\/wp\/v2\/pages\/1169\/revisions"}],"predecessor-version":[{"id":1457,"href":"https:\/\/www.adnsolution.net\/mba2\/wp-json\/wp\/v2\/pages\/1169\/revisions\/1457"}],"up":[{"embeddable":true,"href":"https:\/\/www.adnsolution.net\/mba2\/wp-json\/wp\/v2\/pages\/1105"}],"wp:attachment":[{"href":"https:\/\/www.adnsolution.net\/mba2\/wp-json\/wp\/v2\/media?parent=1169"}],"curies":[{"name":"wp","href":"https:\/\/api.w.org\/{rel}","templated":true}]}}