{"id":1171,"date":"2021-05-10T01:35:27","date_gmt":"2021-05-10T00:35:27","guid":{"rendered":"https:\/\/www.adnsolution.net\/mba2\/?page_id=1171"},"modified":"2021-05-17T13:11:56","modified_gmt":"2021-05-17T12:11:56","slug":"arts-decoratifs","status":"publish","type":"page","link":"https:\/\/www.adnsolution.net\/mba2\/les-collections\/presentation\/arts-decoratifs\/","title":{"rendered":"Arts d\u00e9coratifs"},"content":{"rendered":"<p>Au c\u00f4t\u00e9 des collections de peinture et de sculpture, le mus\u00e9e national des beaux-arts conserve une int\u00e9ressante section de c\u00e9ramiques anciennes et modernes, du XV\u00e8me au XX\u00e8me \u00a0si\u00e8cles. L\u2019essentiel de ce fonds provient d\u2019anciennes collections priv\u00e9es de la ville d\u2019Alger et d\u2019acquisitions aupr\u00e8s de collectionneurs et galeristes\u00a0; on peut distinguer quelques belles productions de c\u00e9ramiques persanes expos\u00e9es au Cabinet des estampes, plusieurs sp\u00e9cimens provenant des manufactures de Delft au XV\u00e8me si\u00e8cle , une grande quantit\u00e9 de productions des XVII\u00e8me et XVIII\u00e8me si\u00e8cles provenant des principales manufactures fran\u00e7aises telles que Moustiers, Rouen, Sinceny, Marseille, Apt, etc\u2026\u00a0;<\/p>\n<p>L\u2019art de la porcelaine est quant \u00e0 lui repr\u00e9sent\u00e9 par quelques produits allemands ainsi que par les importations de la compagnie des Indes, dont certaines portent des \u00e9cussons et armoiries qui traduisent leur appartenance \u00e0 d&#8217;importantes familles aristocratiques.<\/p>\n<p>Enfin, cette petite collection renferme de tr\u00e8s pr\u00e9cieuses pi\u00e8ces chinoises des XVII\u00e8me, XVIII\u00e8me et XIX\u00e8me si\u00e8cles, en particulier un c\u00e9ladon exceptionnel d&#8217;\u00e9poque Ming.<\/p>\n<div id='gallery-1' class='gallery galleryid-1171 gallery-columns-3 gallery-size-thumbnail'><figure class='gallery-item'>\n\t\t\t<div class='gallery-icon portrait'>\n\t\t\t\t<a href='https:\/\/www.adnsolution.net\/mba2\/wp-content\/uploads\/2021\/05\/IG5317-DELFT-XVII-eme-.jpg'><img decoding=\"async\" width=\"150\" height=\"150\" src=\"https:\/\/www.adnsolution.net\/mba2\/wp-content\/uploads\/2021\/05\/IG5317-DELFT-XVII-eme--150x150.jpg\" class=\"attachment-thumbnail size-thumbnail\" alt=\"\" \/><\/a>\n\t\t\t<\/div><\/figure><figure class='gallery-item'>\n\t\t\t<div class='gallery-icon portrait'>\n\t\t\t\t<a href='https:\/\/www.adnsolution.net\/mba2\/wp-content\/uploads\/2021\/05\/IG5318-Valence-XVI-eme.jpg'><img decoding=\"async\" width=\"150\" height=\"150\" src=\"https:\/\/www.adnsolution.net\/mba2\/wp-content\/uploads\/2021\/05\/IG5318-Valence-XVI-eme-150x150.jpg\" class=\"attachment-thumbnail size-thumbnail\" alt=\"\" \/><\/a>\n\t\t\t<\/div><\/figure><figure class='gallery-item'>\n\t\t\t<div class='gallery-icon landscape'>\n\t\t\t\t<a href='https:\/\/www.adnsolution.net\/mba2\/wp-content\/uploads\/2021\/05\/IG5319-Cie-des-Indes.jpg'><img decoding=\"async\" width=\"150\" height=\"150\" src=\"https:\/\/www.adnsolution.net\/mba2\/wp-content\/uploads\/2021\/05\/IG5319-Cie-des-Indes-150x150.jpg\" class=\"attachment-thumbnail size-thumbnail\" alt=\"\" \/><\/a>\n\t\t\t<\/div><\/figure><figure class='gallery-item'>\n\t\t\t<div class='gallery-icon landscape'>\n\t\t\t\t<a href='https:\/\/www.adnsolution.net\/mba2\/wp-content\/uploads\/2021\/05\/musee-beaux-arts-alger-114.jpg'><img loading=\"lazy\" decoding=\"async\" width=\"150\" height=\"150\" src=\"https:\/\/www.adnsolution.net\/mba2\/wp-content\/uploads\/2021\/05\/musee-beaux-arts-alger-114-150x150.jpg\" class=\"attachment-thumbnail size-thumbnail\" alt=\"\" \/><\/a>\n\t\t\t<\/div><\/figure><figure class='gallery-item'>\n\t\t\t<div class='gallery-icon landscape'>\n\t\t\t\t<a href='https:\/\/www.adnsolution.net\/mba2\/wp-content\/uploads\/2021\/05\/musee-beaux-arts-alger-123.jpg'><img loading=\"lazy\" decoding=\"async\" width=\"150\" height=\"150\" src=\"https:\/\/www.adnsolution.net\/mba2\/wp-content\/uploads\/2021\/05\/musee-beaux-arts-alger-123-150x150.jpg\" class=\"attachment-thumbnail size-thumbnail\" alt=\"\" \/><\/a>\n\t\t\t<\/div><\/figure><figure class='gallery-item'>\n\t\t\t<div class='gallery-icon landscape'>\n\t\t\t\t<a href='https:\/\/www.adnsolution.net\/mba2\/wp-content\/uploads\/2021\/05\/musee-beaux-arts-alger-124.jpg'><img loading=\"lazy\" decoding=\"async\" width=\"150\" height=\"150\" src=\"https:\/\/www.adnsolution.net\/mba2\/wp-content\/uploads\/2021\/05\/musee-beaux-arts-alger-124-150x150.jpg\" class=\"attachment-thumbnail size-thumbnail\" alt=\"\" \/><\/a>\n\t\t\t<\/div><\/figure><figure class='gallery-item'>\n\t\t\t<div class='gallery-icon landscape'>\n\t\t\t\t<a href='https:\/\/www.adnsolution.net\/mba2\/wp-content\/uploads\/2021\/05\/musee-beaux-arts-alger-125.jpg'><img loading=\"lazy\" decoding=\"async\" width=\"150\" height=\"150\" src=\"https:\/\/www.adnsolution.net\/mba2\/wp-content\/uploads\/2021\/05\/musee-beaux-arts-alger-125-150x150.jpg\" class=\"attachment-thumbnail size-thumbnail\" alt=\"\" \/><\/a>\n\t\t\t<\/div><\/figure><figure class='gallery-item'>\n\t\t\t<div class='gallery-icon landscape'>\n\t\t\t\t<a href='https:\/\/www.adnsolution.net\/mba2\/wp-content\/uploads\/2021\/05\/musee-beaux-arts-alger-141.jpg'><img loading=\"lazy\" decoding=\"async\" width=\"150\" height=\"150\" src=\"https:\/\/www.adnsolution.net\/mba2\/wp-content\/uploads\/2021\/05\/musee-beaux-arts-alger-141-150x150.jpg\" class=\"attachment-thumbnail size-thumbnail\" alt=\"\" \/><\/a>\n\t\t\t<\/div><\/figure><figure class='gallery-item'>\n\t\t\t<div class='gallery-icon portrait'>\n\t\t\t\t<a href='https:\/\/www.adnsolution.net\/mba2\/wp-content\/uploads\/2021\/05\/NI-816-Harpe.jpg'><img loading=\"lazy\" decoding=\"async\" width=\"150\" height=\"150\" src=\"https:\/\/www.adnsolution.net\/mba2\/wp-content\/uploads\/2021\/05\/NI-816-Harpe-150x150.jpg\" class=\"attachment-thumbnail size-thumbnail\" alt=\"\" \/><\/a>\n\t\t\t<\/div><\/figure><figure class='gallery-item'>\n\t\t\t<div class='gallery-icon portrait'>\n\t\t\t\t<a href='https:\/\/www.adnsolution.net\/mba2\/wp-content\/uploads\/2021\/05\/NI-857-Horloge.jpg'><img loading=\"lazy\" decoding=\"async\" width=\"150\" height=\"150\" src=\"https:\/\/www.adnsolution.net\/mba2\/wp-content\/uploads\/2021\/05\/NI-857-Horloge-150x150.jpg\" class=\"attachment-thumbnail size-thumbnail\" alt=\"\" \/><\/a>\n\t\t\t<\/div><\/figure>\n\t\t<\/div>\n\n","protected":false},"excerpt":{"rendered":"<p>Au c\u00f4t\u00e9 des collections de peinture et de sculpture, le mus\u00e9e national des beaux-arts conserve une int\u00e9ressante section de c\u00e9ramiques anciennes et modernes, du XV\u00e8me au XX\u00e8me \u00a0si\u00e8cles. L\u2019essentiel de ce fonds provient d\u2019anciennes collections priv\u00e9es de la ville d\u2019Alger et d\u2019acquisitions aupr\u00e8s de collectionneurs et galeristes\u00a0; on peut distinguer quelques belles productions de c\u00e9ramiques &hellip;<\/p>\n","protected":false},"author":1,"featured_media":0,"parent":1105,"menu_order":0,"comment_status":"closed","ping_status":"closed","template":"","meta":{"footnotes":""},"class_list":["post-1171","page","type-page","status-publish",""],"_links":{"self":[{"href":"https:\/\/www.adnsolution.net\/mba2\/wp-json\/wp\/v2\/pages\/1171","targetHints":{"allow":["GET"]}}],"collection":[{"href":"https:\/\/www.adnsolution.net\/mba2\/wp-json\/wp\/v2\/pages"}],"about":[{"href":"https:\/\/www.adnsolution.net\/mba2\/wp-json\/wp\/v2\/types\/page"}],"author":[{"embeddable":true,"href":"https:\/\/www.adnsolution.net\/mba2\/wp-json\/wp\/v2\/users\/1"}],"replies":[{"embeddable":true,"href":"https:\/\/www.adnsolution.net\/mba2\/wp-json\/wp\/v2\/comments?post=1171"}],"version-history":[{"count":3,"href":"https:\/\/www.adnsolution.net\/mba2\/wp-json\/wp\/v2\/pages\/1171\/revisions"}],"predecessor-version":[{"id":1359,"href":"https:\/\/www.adnsolution.net\/mba2\/wp-json\/wp\/v2\/pages\/1171\/revisions\/1359"}],"up":[{"embeddable":true,"href":"https:\/\/www.adnsolution.net\/mba2\/wp-json\/wp\/v2\/pages\/1105"}],"wp:attachment":[{"href":"https:\/\/www.adnsolution.net\/mba2\/wp-json\/wp\/v2\/media?parent=1171"}],"curies":[{"name":"wp","href":"https:\/\/api.w.org\/{rel}","templated":true}]}}