{"id":1173,"date":"2021-05-10T01:36:47","date_gmt":"2021-05-10T00:36:47","guid":{"rendered":"https:\/\/www.adnsolution.net\/mba2\/?page_id=1173"},"modified":"2021-05-17T13:24:24","modified_gmt":"2021-05-17T12:24:24","slug":"numismatique","status":"publish","type":"page","link":"https:\/\/www.adnsolution.net\/mba2\/les-collections\/presentation\/numismatique\/","title":{"rendered":"Numismatique"},"content":{"rendered":"<p>La collection de numismatique du mus\u00e9e contient plus de 2000 pi\u00e8ces; elle rassemble des monnaies, des m\u00e9dailles, des sceaux et des plaquettes qui retracent l&#8217;histoire mon\u00e9taire de l&#8217;Europe de l&#8217;Italie du XVI\u00e8me si\u00e8cle (Pisanello) jusqu&#8217;\u00e0 l&#8217;\u00e9poque moderne.<\/p>\n<p>l&#8217;essentiel de la collection concerne l&#8217;histoire du XIX\u00e8me si\u00e8cle, \u00e0 travers ses principaux \u00e9v\u00e8nements politique, \u00e9conomique et culturel.<\/p>\n<p>Au sein de ce fonds, se trouvent quelques pi\u00e8ces frapp\u00e9es de l&#8217;effigie de l&#8217;\u00e9mir Abd-el-Kader qui illustrent son combat contre l&#8217;occupant.<\/p>\n<p>Dans sa section historique, sont conserv\u00e9es quelques \u00e9missions relatives \u00e0 l&#8217;histoire de l&#8217;Alg\u00e9rie\u00a0 pendant la p\u00e9riode coloniale.<\/p>\n<p>La m\u00e9daille moderne est illustr\u00e9e par les productions des sculpteurs Belmondo, Pineau, Roche, Lenoir, Pommier, etc&#8230;<\/p>\n<div id='gallery-1' class='gallery galleryid-1173 gallery-columns-3 gallery-size-thumbnail'><figure class='gallery-item'>\n\t\t\t<div class='gallery-icon landscape'>\n\t\t\t\t<a href='https:\/\/www.adnsolution.net\/mba2\/wp-content\/uploads\/2021\/05\/IG6570.jpg'><img decoding=\"async\" width=\"150\" height=\"150\" src=\"https:\/\/www.adnsolution.net\/mba2\/wp-content\/uploads\/2021\/05\/IG6570-150x150.jpg\" class=\"attachment-thumbnail size-thumbnail\" alt=\"\" \/><\/a>\n\t\t\t<\/div><\/figure><figure class='gallery-item'>\n\t\t\t<div class='gallery-icon landscape'>\n\t\t\t\t<a href='https:\/\/www.adnsolution.net\/mba2\/wp-content\/uploads\/2021\/05\/IG6739.jpg'><img decoding=\"async\" width=\"150\" height=\"150\" src=\"https:\/\/www.adnsolution.net\/mba2\/wp-content\/uploads\/2021\/05\/IG6739-150x150.jpg\" class=\"attachment-thumbnail size-thumbnail\" alt=\"\" \/><\/a>\n\t\t\t<\/div><\/figure><figure class='gallery-item'>\n\t\t\t<div class='gallery-icon landscape'>\n\t\t\t\t<a href='https:\/\/www.adnsolution.net\/mba2\/wp-content\/uploads\/2021\/05\/photo2.jpg'><img decoding=\"async\" width=\"150\" height=\"150\" src=\"https:\/\/www.adnsolution.net\/mba2\/wp-content\/uploads\/2021\/05\/photo2-150x150.jpg\" class=\"attachment-thumbnail size-thumbnail\" alt=\"\" \/><\/a>\n\t\t\t<\/div><\/figure><figure class='gallery-item'>\n\t\t\t<div class='gallery-icon landscape'>\n\t\t\t\t<a href='https:\/\/www.adnsolution.net\/mba2\/wp-content\/uploads\/2021\/05\/photo3.jpg'><img loading=\"lazy\" decoding=\"async\" width=\"150\" height=\"150\" src=\"https:\/\/www.adnsolution.net\/mba2\/wp-content\/uploads\/2021\/05\/photo3-150x150.jpg\" class=\"attachment-thumbnail size-thumbnail\" alt=\"\" \/><\/a>\n\t\t\t<\/div><\/figure>\n\t\t<\/div>\n\n","protected":false},"excerpt":{"rendered":"<p>La collection de numismatique du mus\u00e9e contient plus de 2000 pi\u00e8ces; elle rassemble des monnaies, des m\u00e9dailles, des sceaux et des plaquettes qui retracent l&#8217;histoire mon\u00e9taire de l&#8217;Europe de l&#8217;Italie du XVI\u00e8me si\u00e8cle (Pisanello) jusqu&#8217;\u00e0 l&#8217;\u00e9poque moderne. l&#8217;essentiel de la collection concerne l&#8217;histoire du XIX\u00e8me si\u00e8cle, \u00e0 travers ses principaux \u00e9v\u00e8nements politique, \u00e9conomique et culturel. &hellip;<\/p>\n","protected":false},"author":1,"featured_media":0,"parent":1105,"menu_order":0,"comment_status":"closed","ping_status":"closed","template":"","meta":{"footnotes":""},"class_list":["post-1173","page","type-page","status-publish",""],"_links":{"self":[{"href":"https:\/\/www.adnsolution.net\/mba2\/wp-json\/wp\/v2\/pages\/1173","targetHints":{"allow":["GET"]}}],"collection":[{"href":"https:\/\/www.adnsolution.net\/mba2\/wp-json\/wp\/v2\/pages"}],"about":[{"href":"https:\/\/www.adnsolution.net\/mba2\/wp-json\/wp\/v2\/types\/page"}],"author":[{"embeddable":true,"href":"https:\/\/www.adnsolution.net\/mba2\/wp-json\/wp\/v2\/users\/1"}],"replies":[{"embeddable":true,"href":"https:\/\/www.adnsolution.net\/mba2\/wp-json\/wp\/v2\/comments?post=1173"}],"version-history":[{"count":2,"href":"https:\/\/www.adnsolution.net\/mba2\/wp-json\/wp\/v2\/pages\/1173\/revisions"}],"predecessor-version":[{"id":1406,"href":"https:\/\/www.adnsolution.net\/mba2\/wp-json\/wp\/v2\/pages\/1173\/revisions\/1406"}],"up":[{"embeddable":true,"href":"https:\/\/www.adnsolution.net\/mba2\/wp-json\/wp\/v2\/pages\/1105"}],"wp:attachment":[{"href":"https:\/\/www.adnsolution.net\/mba2\/wp-json\/wp\/v2\/media?parent=1173"}],"curies":[{"name":"wp","href":"https:\/\/api.w.org\/{rel}","templated":true}]}}