{"id":1177,"date":"2021-05-10T01:38:18","date_gmt":"2021-05-10T00:38:18","guid":{"rendered":"https:\/\/www.adnsolution.net\/mba2\/?page_id=1177"},"modified":"2021-05-17T13:22:44","modified_gmt":"2021-05-17T12:22:44","slug":"ecole-dalger","status":"publish","type":"page","link":"https:\/\/www.adnsolution.net\/mba2\/les-collections\/presentation\/ecole-dalger\/","title":{"rendered":"Ecole d&#8217;Alger"},"content":{"rendered":"<p>Le mus\u00e9e national des beaux-arts demeure encore aujourd\u2019hui bien certainement un des lieux o\u00f9 l\u2019on pourra le mieux s\u2019impr\u00e9gner des visions et des courants artistiques que suscita l\u2019Alg\u00e9rie pour plusieurs g\u00e9n\u00e9rations d\u2019artistes du XXe s. En effet, qu\u2019il s\u2019agisse des peintres d\u2019origine europ\u00e9enne et natifs du pays, tels Assus, \u00a0Adrey, \u00a0Brouty, Galliero ou des nombreux artistes venus d\u2019horizons divers, tels le Th\u00e8que Spielmann ou l\u2019espagnol figuras, aucun ne manque de s\u2019abreuver \u00e0 la lumi\u00e8re et \u00e0 la r\u00e9alit\u00e9 alg\u00e9rienne, tout en nourrissant leur art des tendances plus ou moins modernes, souvent import\u00e9es par les pensionnaires dont le s\u00e9jour se d\u00e9roulera l\u2019ambiance magique de la ville ottomane situ\u00e9e en amont du mus\u00e9e sur la colline du bois des Arcades et comme dans l\u2019histoire artistique sous le nom de la villa Abd-el-Tif.<\/p>\n<p>Bouviolle, Marius de Bouzon, Bouchard, Brandel ont immortalis\u00e9 leurs impressions de voyage tout en subissant, \u00e0 leur tour, les visions profondes et les \u00e9motions dict\u00e9es par une perception du pays li\u00e9e \u00e0 la quotidiennet\u00e9 du v\u00e9cu\u00a0; cette superbe collection de toiles et d\u2019\u0153uvre sur papier, r\u00e9unie sous le g\u00e9n\u00e9rique \u00ab\u00a0Ecole d\u2019Alger \u00bb constitue aujourd\u2019hui encore une des particularit\u00e9s de la section peinture de notre mus\u00e9e et son r\u00e9guli\u00e8rement montr\u00e9es par petits ensembles dans l\u2019espace dit Bachir Yelles, situ\u00e9 dans l\u2019aile est du troisi\u00e8me \u00e9tage et baptis\u00e9 du nom de l\u2019artiste alg\u00e9rien, qui fut notre premier pensionnaire de la Casa Velasquez en 1952 .<\/p>\n<div id='gallery-1' class='gallery galleryid-1177 gallery-columns-3 gallery-size-thumbnail'><figure class='gallery-item'>\n\t\t\t<div class='gallery-icon portrait'>\n\t\t\t\t<a href='https:\/\/www.adnsolution.net\/mba2\/wp-content\/uploads\/2021\/05\/Adrey-Maurice-IG940.jpg'><img decoding=\"async\" width=\"150\" height=\"150\" src=\"https:\/\/www.adnsolution.net\/mba2\/wp-content\/uploads\/2021\/05\/Adrey-Maurice-IG940-150x150.jpg\" class=\"attachment-thumbnail size-thumbnail\" alt=\"\" \/><\/a>\n\t\t\t<\/div><\/figure><figure class='gallery-item'>\n\t\t\t<div class='gallery-icon landscape'>\n\t\t\t\t<a href='https:\/\/www.adnsolution.net\/mba2\/wp-content\/uploads\/2021\/05\/Antoni-Louis-Ferdinand-IG7676.jpg'><img decoding=\"async\" width=\"150\" height=\"150\" src=\"https:\/\/www.adnsolution.net\/mba2\/wp-content\/uploads\/2021\/05\/Antoni-Louis-Ferdinand-IG7676-150x150.jpg\" class=\"attachment-thumbnail size-thumbnail\" alt=\"\" \/><\/a>\n\t\t\t<\/div><\/figure><figure class='gallery-item'>\n\t\t\t<div class='gallery-icon landscape'>\n\t\t\t\t<a href='https:\/\/www.adnsolution.net\/mba2\/wp-content\/uploads\/2021\/05\/Assus-Armand-IG1567.jpg'><img decoding=\"async\" width=\"150\" height=\"150\" src=\"https:\/\/www.adnsolution.net\/mba2\/wp-content\/uploads\/2021\/05\/Assus-Armand-IG1567-150x150.jpg\" class=\"attachment-thumbnail size-thumbnail\" alt=\"\" \/><\/a>\n\t\t\t<\/div><\/figure><figure class='gallery-item'>\n\t\t\t<div class='gallery-icon landscape'>\n\t\t\t\t<a href='https:\/\/www.adnsolution.net\/mba2\/wp-content\/uploads\/2021\/05\/Assus-Armand-IG2052.jpg'><img loading=\"lazy\" decoding=\"async\" width=\"150\" height=\"150\" src=\"https:\/\/www.adnsolution.net\/mba2\/wp-content\/uploads\/2021\/05\/Assus-Armand-IG2052-150x150.jpg\" class=\"attachment-thumbnail size-thumbnail\" alt=\"\" \/><\/a>\n\t\t\t<\/div><\/figure><figure class='gallery-item'>\n\t\t\t<div class='gallery-icon landscape'>\n\t\t\t\t<a href='https:\/\/www.adnsolution.net\/mba2\/wp-content\/uploads\/2021\/05\/Benisti-Louis-IG2663.jpg'><img loading=\"lazy\" decoding=\"async\" width=\"150\" height=\"150\" src=\"https:\/\/www.adnsolution.net\/mba2\/wp-content\/uploads\/2021\/05\/Benisti-Louis-IG2663-150x150.jpg\" class=\"attachment-thumbnail size-thumbnail\" alt=\"\" \/><\/a>\n\t\t\t<\/div><\/figure><figure class='gallery-item'>\n\t\t\t<div class='gallery-icon landscape'>\n\t\t\t\t<a href='https:\/\/www.adnsolution.net\/mba2\/wp-content\/uploads\/2021\/05\/Bosserdet-Louise-IG2205.jpg'><img loading=\"lazy\" decoding=\"async\" width=\"150\" height=\"150\" src=\"https:\/\/www.adnsolution.net\/mba2\/wp-content\/uploads\/2021\/05\/Bosserdet-Louise-IG2205-150x150.jpg\" class=\"attachment-thumbnail size-thumbnail\" alt=\"\" \/><\/a>\n\t\t\t<\/div><\/figure><figure class='gallery-item'>\n\t\t\t<div class='gallery-icon landscape'>\n\t\t\t\t<a href='https:\/\/www.adnsolution.net\/mba2\/wp-content\/uploads\/2021\/05\/Caillet-Henry-IG3836.jpg'><img loading=\"lazy\" decoding=\"async\" width=\"150\" height=\"150\" src=\"https:\/\/www.adnsolution.net\/mba2\/wp-content\/uploads\/2021\/05\/Caillet-Henry-IG3836-150x150.jpg\" class=\"attachment-thumbnail size-thumbnail\" alt=\"\" \/><\/a>\n\t\t\t<\/div><\/figure><figure class='gallery-item'>\n\t\t\t<div class='gallery-icon portrait'>\n\t\t\t\t<a href='https:\/\/www.adnsolution.net\/mba2\/wp-content\/uploads\/2021\/05\/Carre-Ketty-IG1855.jpg'><img loading=\"lazy\" decoding=\"async\" width=\"150\" height=\"150\" src=\"https:\/\/www.adnsolution.net\/mba2\/wp-content\/uploads\/2021\/05\/Carre-Ketty-IG1855-150x150.jpg\" class=\"attachment-thumbnail size-thumbnail\" alt=\"\" \/><\/a>\n\t\t\t<\/div><\/figure><figure class='gallery-item'>\n\t\t\t<div class='gallery-icon landscape'>\n\t\t\t\t<a href='https:\/\/www.adnsolution.net\/mba2\/wp-content\/uploads\/2021\/05\/Chevalier-Etienne-IG2168.jpg'><img loading=\"lazy\" decoding=\"async\" width=\"150\" height=\"150\" src=\"https:\/\/www.adnsolution.net\/mba2\/wp-content\/uploads\/2021\/05\/Chevalier-Etienne-IG2168-150x150.jpg\" class=\"attachment-thumbnail size-thumbnail\" alt=\"\" \/><\/a>\n\t\t\t<\/div><\/figure><figure class='gallery-item'>\n\t\t\t<div class='gallery-icon landscape'>\n\t\t\t\t<a href='https:\/\/www.adnsolution.net\/mba2\/wp-content\/uploads\/2021\/05\/Galliero-Sauveur-IG2279.jpg'><img loading=\"lazy\" decoding=\"async\" width=\"150\" height=\"150\" src=\"https:\/\/www.adnsolution.net\/mba2\/wp-content\/uploads\/2021\/05\/Galliero-Sauveur-IG2279-150x150.jpg\" class=\"attachment-thumbnail size-thumbnail\" alt=\"\" \/><\/a>\n\t\t\t<\/div><\/figure><figure class='gallery-item'>\n\t\t\t<div class='gallery-icon portrait'>\n\t\t\t\t<a href='https:\/\/www.adnsolution.net\/mba2\/wp-content\/uploads\/2021\/05\/Kleiss-Herzig-Yvonne-IG2391.jpg'><img loading=\"lazy\" decoding=\"async\" width=\"150\" height=\"150\" src=\"https:\/\/www.adnsolution.net\/mba2\/wp-content\/uploads\/2021\/05\/Kleiss-Herzig-Yvonne-IG2391-150x150.jpg\" class=\"attachment-thumbnail size-thumbnail\" alt=\"\" \/><\/a>\n\t\t\t<\/div><\/figure>\n\t\t<\/div>\n\n","protected":false},"excerpt":{"rendered":"<p>Le mus\u00e9e national des beaux-arts demeure encore aujourd\u2019hui bien certainement un des lieux o\u00f9 l\u2019on pourra le mieux s\u2019impr\u00e9gner des visions et des courants artistiques que suscita l\u2019Alg\u00e9rie pour plusieurs g\u00e9n\u00e9rations d\u2019artistes du XXe s. En effet, qu\u2019il s\u2019agisse des peintres d\u2019origine europ\u00e9enne et natifs du pays, tels Assus, \u00a0Adrey, \u00a0Brouty, Galliero ou des nombreux &hellip;<\/p>\n","protected":false},"author":1,"featured_media":0,"parent":1105,"menu_order":0,"comment_status":"closed","ping_status":"closed","template":"","meta":{"footnotes":""},"class_list":["post-1177","page","type-page","status-publish",""],"_links":{"self":[{"href":"https:\/\/www.adnsolution.net\/mba2\/wp-json\/wp\/v2\/pages\/1177","targetHints":{"allow":["GET"]}}],"collection":[{"href":"https:\/\/www.adnsolution.net\/mba2\/wp-json\/wp\/v2\/pages"}],"about":[{"href":"https:\/\/www.adnsolution.net\/mba2\/wp-json\/wp\/v2\/types\/page"}],"author":[{"embeddable":true,"href":"https:\/\/www.adnsolution.net\/mba2\/wp-json\/wp\/v2\/users\/1"}],"replies":[{"embeddable":true,"href":"https:\/\/www.adnsolution.net\/mba2\/wp-json\/wp\/v2\/comments?post=1177"}],"version-history":[{"count":3,"href":"https:\/\/www.adnsolution.net\/mba2\/wp-json\/wp\/v2\/pages\/1177\/revisions"}],"predecessor-version":[{"id":1401,"href":"https:\/\/www.adnsolution.net\/mba2\/wp-json\/wp\/v2\/pages\/1177\/revisions\/1401"}],"up":[{"embeddable":true,"href":"https:\/\/www.adnsolution.net\/mba2\/wp-json\/wp\/v2\/pages\/1105"}],"wp:attachment":[{"href":"https:\/\/www.adnsolution.net\/mba2\/wp-json\/wp\/v2\/media?parent=1177"}],"curies":[{"name":"wp","href":"https:\/\/api.w.org\/{rel}","templated":true}]}}