{"id":1179,"date":"2021-05-10T01:39:02","date_gmt":"2021-05-10T00:39:02","guid":{"rendered":"https:\/\/www.adnsolution.net\/mba2\/?page_id=1179"},"modified":"2021-05-17T13:21:24","modified_gmt":"2021-05-17T12:21:24","slug":"lart-contemporain","status":"publish","type":"page","link":"https:\/\/www.adnsolution.net\/mba2\/les-collections\/presentation\/lart-contemporain\/","title":{"rendered":"L&#8217;art contemporain"},"content":{"rendered":"<p>L\u2019art contemporain a p\u00e9n\u00e9tr\u00e9 la collection du mus\u00e9e au lendemain de l\u2019ind\u00e9pendance du pays en 1963. En effet, cette section est tout d\u2019abord n\u00e9e des dons effectu\u00e9s par un groupement d\u2019artistes politiquement rang\u00e9s aux cot\u00e9s des Alg\u00e9riens dans leur lutte pour l\u2019ind\u00e9pendance.<\/p>\n<p>Constitu\u00e9 d\u2019artistes d\u2019origine latino-am\u00e9ricaine, tels le chilien Matta, le cubain wifredo lam, Duenas Espinoza, ou Europ\u00e9ens tels les peintres Pichette, Pignon, Lafoucri\u00e8re, ou Masson ou d\u2019Asie mineure tels le turc Abidine Dino et l\u2019iranien Assar Nasser, cet ensemble est marqu\u00e9 par toutes les exp\u00e9riences esth\u00e9tiques du moment, du surr\u00e9alisme \u00e0 l\u2019abstraction lyrique, de la figuration narrative \u00e0 l\u2019art na\u00eff, qui s\u2019exprime autour d\u2019un th\u00e8me central, celui de l\u2019id\u00e9e dominante de la lutte humaine pour la libert\u00e9 . A ce noyau d\u2019un certaine d\u2019\u0153uvres, se sont greff\u00e9es depuis, les acquisitions faites aupr\u00e8s d\u2019artistes du monde entier venus s\u00e9journer en Alg\u00e9rie dans le cadre de semaines culturelles ou de rencontres artistiques, ainsi que certains dons personnels.<\/p>\n<p>A sein de cet ensemble hautement universel, l\u2019art arabe occupe, ainsi qu\u2019il se devait \u00e0 Alger, une place de choix\u00a0: on peut cher notamment, quelques \u0153uvres majeures des peintres syrien Mamdouh Kachlane, libanais Abboud Sharfiq, palestiniens Rayes et Kayali, marocain cherkaoui.<\/p>\n<div id='gallery-1' class='gallery galleryid-1179 gallery-columns-3 gallery-size-thumbnail'><figure class='gallery-item'>\n\t\t\t<div class='gallery-icon portrait'>\n\t\t\t\t<a href='https:\/\/www.adnsolution.net\/mba2\/wp-content\/uploads\/2021\/05\/ABIDINE-Dino-IG3894.jpg'><img decoding=\"async\" width=\"150\" height=\"150\" src=\"https:\/\/www.adnsolution.net\/mba2\/wp-content\/uploads\/2021\/05\/ABIDINE-Dino-IG3894-150x150.jpg\" class=\"attachment-thumbnail size-thumbnail\" alt=\"\" \/><\/a>\n\t\t\t<\/div><\/figure><figure class='gallery-item'>\n\t\t\t<div class='gallery-icon landscape'>\n\t\t\t\t<a href='https:\/\/www.adnsolution.net\/mba2\/wp-content\/uploads\/2021\/05\/CHERKAOUI-A-IG3903.jpg'><img decoding=\"async\" width=\"150\" height=\"150\" src=\"https:\/\/www.adnsolution.net\/mba2\/wp-content\/uploads\/2021\/05\/CHERKAOUI-A-IG3903-150x150.jpg\" class=\"attachment-thumbnail size-thumbnail\" alt=\"\" \/><\/a>\n\t\t\t<\/div><\/figure><figure class='gallery-item'>\n\t\t\t<div class='gallery-icon portrait'>\n\t\t\t\t<a href='https:\/\/www.adnsolution.net\/mba2\/wp-content\/uploads\/2021\/05\/MAMDOUH-Kachlane-IG5266.jpg'><img decoding=\"async\" width=\"150\" height=\"150\" src=\"https:\/\/www.adnsolution.net\/mba2\/wp-content\/uploads\/2021\/05\/MAMDOUH-Kachlane-IG5266-150x150.jpg\" class=\"attachment-thumbnail size-thumbnail\" alt=\"\" \/><\/a>\n\t\t\t<\/div><\/figure><figure class='gallery-item'>\n\t\t\t<div class='gallery-icon portrait'>\n\t\t\t\t<a href='https:\/\/www.adnsolution.net\/mba2\/wp-content\/uploads\/2021\/05\/MASSON-Andre-IG3925.jpg'><img loading=\"lazy\" decoding=\"async\" width=\"150\" height=\"150\" src=\"https:\/\/www.adnsolution.net\/mba2\/wp-content\/uploads\/2021\/05\/MASSON-Andre-IG3925-150x150.jpg\" class=\"attachment-thumbnail size-thumbnail\" alt=\"\" srcset=\"https:\/\/www.adnsolution.net\/mba2\/wp-content\/uploads\/2021\/05\/MASSON-Andre-IG3925-150x150.jpg 150w, https:\/\/www.adnsolution.net\/mba2\/wp-content\/uploads\/2021\/05\/MASSON-Andre-IG3925-298x300.jpg 298w, https:\/\/www.adnsolution.net\/mba2\/wp-content\/uploads\/2021\/05\/MASSON-Andre-IG3925.jpg 636w\" sizes=\"(max-width: 150px) 100vw, 150px\" \/><\/a>\n\t\t\t<\/div><\/figure><figure class='gallery-item'>\n\t\t\t<div class='gallery-icon landscape'>\n\t\t\t\t<a href='https:\/\/www.adnsolution.net\/mba2\/wp-content\/uploads\/2021\/05\/MATTA-Echauro-NI1057.jpg'><img loading=\"lazy\" decoding=\"async\" width=\"150\" height=\"150\" src=\"https:\/\/www.adnsolution.net\/mba2\/wp-content\/uploads\/2021\/05\/MATTA-Echauro-NI1057-150x150.jpg\" class=\"attachment-thumbnail size-thumbnail\" alt=\"\" \/><\/a>\n\t\t\t<\/div><\/figure><figure class='gallery-item'>\n\t\t\t<div class='gallery-icon landscape'>\n\t\t\t\t<a href='https:\/\/www.adnsolution.net\/mba2\/wp-content\/uploads\/2021\/05\/RAYES-Aref-IG5246.jpg'><img loading=\"lazy\" decoding=\"async\" width=\"150\" height=\"150\" src=\"https:\/\/www.adnsolution.net\/mba2\/wp-content\/uploads\/2021\/05\/RAYES-Aref-IG5246-150x150.jpg\" class=\"attachment-thumbnail size-thumbnail\" alt=\"\" \/><\/a>\n\t\t\t<\/div><\/figure>\n\t\t<\/div>\n\n","protected":false},"excerpt":{"rendered":"<p>L\u2019art contemporain a p\u00e9n\u00e9tr\u00e9 la collection du mus\u00e9e au lendemain de l\u2019ind\u00e9pendance du pays en 1963. En effet, cette section est tout d\u2019abord n\u00e9e des dons effectu\u00e9s par un groupement d\u2019artistes politiquement rang\u00e9s aux cot\u00e9s des Alg\u00e9riens dans leur lutte pour l\u2019ind\u00e9pendance. Constitu\u00e9 d\u2019artistes d\u2019origine latino-am\u00e9ricaine, tels le chilien Matta, le cubain wifredo lam, Duenas &hellip;<\/p>\n","protected":false},"author":1,"featured_media":0,"parent":1105,"menu_order":0,"comment_status":"closed","ping_status":"closed","template":"","meta":{"footnotes":""},"class_list":["post-1179","page","type-page","status-publish",""],"_links":{"self":[{"href":"https:\/\/www.adnsolution.net\/mba2\/wp-json\/wp\/v2\/pages\/1179","targetHints":{"allow":["GET"]}}],"collection":[{"href":"https:\/\/www.adnsolution.net\/mba2\/wp-json\/wp\/v2\/pages"}],"about":[{"href":"https:\/\/www.adnsolution.net\/mba2\/wp-json\/wp\/v2\/types\/page"}],"author":[{"embeddable":true,"href":"https:\/\/www.adnsolution.net\/mba2\/wp-json\/wp\/v2\/users\/1"}],"replies":[{"embeddable":true,"href":"https:\/\/www.adnsolution.net\/mba2\/wp-json\/wp\/v2\/comments?post=1179"}],"version-history":[{"count":2,"href":"https:\/\/www.adnsolution.net\/mba2\/wp-json\/wp\/v2\/pages\/1179\/revisions"}],"predecessor-version":[{"id":1388,"href":"https:\/\/www.adnsolution.net\/mba2\/wp-json\/wp\/v2\/pages\/1179\/revisions\/1388"}],"up":[{"embeddable":true,"href":"https:\/\/www.adnsolution.net\/mba2\/wp-json\/wp\/v2\/pages\/1105"}],"wp:attachment":[{"href":"https:\/\/www.adnsolution.net\/mba2\/wp-json\/wp\/v2\/media?parent=1179"}],"curies":[{"name":"wp","href":"https:\/\/api.w.org\/{rel}","templated":true}]}}