{"id":1181,"date":"2021-05-10T01:39:52","date_gmt":"2021-05-10T00:39:52","guid":{"rendered":"https:\/\/www.adnsolution.net\/mba2\/?page_id=1181"},"modified":"2021-05-17T13:19:07","modified_gmt":"2021-05-17T12:19:07","slug":"lart-algerien","status":"publish","type":"page","link":"https:\/\/www.adnsolution.net\/mba2\/les-collections\/presentation\/lart-algerien\/","title":{"rendered":"L&#8217;art alg\u00e9rien"},"content":{"rendered":"<p>La collection d\u2019art alg\u00e9rien qui en1962 n\u2019\u00e9tait constitu\u00e9e que d\u2019une cinquantaine d\u2019\u0153uvres, demeure aujourd\u2019hui encore la plus importante du pays, tant depuis 1962, un effort d\u2019acquisition s\u2019est poursuivi assidument. Aujourd\u2019hui honorable, le corpus constitu\u00e9 traduit, dans la plupart de ses aspects, la grande diversit\u00e9 de participations, de techniques et de talents de nos artistes, g\u00e9n\u00e9ration apr\u00e8s g\u00e9n\u00e9ration.<\/p>\n<p>Les plus anciennes productions de l\u2019art alg\u00e9rien pr\u00e9sent\u00e9es au mus\u00e9e, sans \u00eatre totalement repr\u00e9sentatives de l\u2019actualit\u00e9 du moment, sont le reflet de l\u2019activit\u00e9 de peintres qui, apr\u00e8s avoir re\u00e7u une v\u00e9ritable formation acad\u00e9mique, particip\u00e8rent aux premiers \u00e9v\u00e8nements artistique de l\u2019\u00e9cole alg\u00e9rienne de peinture. Parmi les plus connus, on peut citer Temam, Hemche, Boukerche, Mammeri, Benslimane, Benamire, Ali Khodja, Yelles, personnalit\u00e9s pionni\u00e8res qui, suivirent l\u2019ind\u00e9pendance.<\/p>\n<p>De quelques ann\u00e9es leur ain\u00e9, et en parall\u00e8le \u00e0 ce courant principalement influenc\u00e9 par l\u2019art de chevalet \u00e0\u00a0 l\u2019occidental, se manifeste la figure singuli\u00e8re du miniaturiste Mohamed Racim dont le talent exceptionnel devait contribuer, au d\u00e9but du XXe s, \u00e0 la renaissance et \u00e0 l\u2019actualisation d\u2019une expression artistique sophistiqu\u00e9s, alors tout autant m\u00e9connue par les \u00e9coles d\u2019art europ\u00e9ennes qu\u2019oubli\u00e9e par les pays qui l\u2019avaient vu naitre\u00a0; ce faisait, il fut ainsi \u00e0 l\u2019origine de la reconnaissance universelle d\u2019un art \u00e9minemment oriental, r\u00e9v\u00e9lant d\u2019un m\u00eame coup le raffinement de l\u2019enluminure et de la miniature et une iconographie enti\u00e8rement vou\u00e9e \u00e0 la gloire de l\u2019histoire alg\u00e9rienne. Un ensemble de miniature et d\u2019enluminures est actuellement pr\u00e9sent\u00e9 dans la salle qui porte son nom, \u00e0 proximit\u00e9 des salles consacr\u00e9es aux orientalistes et du hall d\u2019entr\u00e9e sup\u00e9rieur.<\/p>\n<div id='gallery-1' class='gallery galleryid-1181 gallery-columns-3 gallery-size-thumbnail'><figure class='gallery-item'>\n\t\t\t<div class='gallery-icon landscape'>\n\t\t\t\t<a href='https:\/\/www.adnsolution.net\/mba2\/wp-content\/uploads\/2021\/05\/Baya-Mahieddine-IG3815.jpg'><img decoding=\"async\" width=\"150\" height=\"150\" src=\"https:\/\/www.adnsolution.net\/mba2\/wp-content\/uploads\/2021\/05\/Baya-Mahieddine-IG3815-150x150.jpg\" class=\"attachment-thumbnail size-thumbnail\" alt=\"\" \/><\/a>\n\t\t\t<\/div><\/figure><figure class='gallery-item'>\n\t\t\t<div class='gallery-icon landscape'>\n\t\t\t\t<a href='https:\/\/www.adnsolution.net\/mba2\/wp-content\/uploads\/2021\/05\/Benaboura-Hacene-IG3856.jpg'><img decoding=\"async\" width=\"150\" height=\"150\" src=\"https:\/\/www.adnsolution.net\/mba2\/wp-content\/uploads\/2021\/05\/Benaboura-Hacene-IG3856-150x150.jpg\" class=\"attachment-thumbnail size-thumbnail\" alt=\"\" \/><\/a>\n\t\t\t<\/div><\/figure><figure class='gallery-item'>\n\t\t\t<div class='gallery-icon landscape'>\n\t\t\t\t<a href='https:\/\/www.adnsolution.net\/mba2\/wp-content\/uploads\/2021\/05\/Benamira-Brahim-IG2091.jpg'><img decoding=\"async\" width=\"150\" height=\"150\" src=\"https:\/\/www.adnsolution.net\/mba2\/wp-content\/uploads\/2021\/05\/Benamira-Brahim-IG2091-150x150.jpg\" class=\"attachment-thumbnail size-thumbnail\" alt=\"\" \/><\/a>\n\t\t\t<\/div><\/figure><figure class='gallery-item'>\n\t\t\t<div class='gallery-icon portrait'>\n\t\t\t\t<a href='https:\/\/www.adnsolution.net\/mba2\/wp-content\/uploads\/2021\/05\/Boukerche-Miloud-EA13.jpg'><img loading=\"lazy\" decoding=\"async\" width=\"150\" height=\"150\" src=\"https:\/\/www.adnsolution.net\/mba2\/wp-content\/uploads\/2021\/05\/Boukerche-Miloud-EA13-150x150.jpg\" class=\"attachment-thumbnail size-thumbnail\" alt=\"\" \/><\/a>\n\t\t\t<\/div><\/figure><figure class='gallery-item'>\n\t\t\t<div class='gallery-icon landscape'>\n\t\t\t\t<a href='https:\/\/www.adnsolution.net\/mba2\/wp-content\/uploads\/2021\/05\/Chegrane-Noureddine-NI611.jpg'><img loading=\"lazy\" decoding=\"async\" width=\"150\" height=\"150\" src=\"https:\/\/www.adnsolution.net\/mba2\/wp-content\/uploads\/2021\/05\/Chegrane-Noureddine-NI611-150x150.jpg\" class=\"attachment-thumbnail size-thumbnail\" alt=\"\" \/><\/a>\n\t\t\t<\/div><\/figure><figure class='gallery-item'>\n\t\t\t<div class='gallery-icon landscape'>\n\t\t\t\t<a href='https:\/\/www.adnsolution.net\/mba2\/wp-content\/uploads\/2021\/05\/haddad-NI509.jpg'><img loading=\"lazy\" decoding=\"async\" width=\"150\" height=\"150\" src=\"https:\/\/www.adnsolution.net\/mba2\/wp-content\/uploads\/2021\/05\/haddad-NI509-150x150.jpg\" class=\"attachment-thumbnail size-thumbnail\" alt=\"\" \/><\/a>\n\t\t\t<\/div><\/figure><figure class='gallery-item'>\n\t\t\t<div class='gallery-icon landscape'>\n\t\t\t\t<a href='https:\/\/www.adnsolution.net\/mba2\/wp-content\/uploads\/2021\/05\/Hakkar-Lazhar-NI517.jpg'><img loading=\"lazy\" decoding=\"async\" width=\"150\" height=\"150\" src=\"https:\/\/www.adnsolution.net\/mba2\/wp-content\/uploads\/2021\/05\/Hakkar-Lazhar-NI517-150x150.jpg\" class=\"attachment-thumbnail size-thumbnail\" alt=\"\" \/><\/a>\n\t\t\t<\/div><\/figure><figure class='gallery-item'>\n\t\t\t<div class='gallery-icon landscape'>\n\t\t\t\t<a href='https:\/\/www.adnsolution.net\/mba2\/wp-content\/uploads\/2021\/05\/Hemche-Abdelhalim-NI907.jpg'><img loading=\"lazy\" decoding=\"async\" width=\"150\" height=\"150\" src=\"https:\/\/www.adnsolution.net\/mba2\/wp-content\/uploads\/2021\/05\/Hemche-Abdelhalim-NI907-150x150.jpg\" class=\"attachment-thumbnail size-thumbnail\" alt=\"\" \/><\/a>\n\t\t\t<\/div><\/figure><figure class='gallery-item'>\n\t\t\t<div class='gallery-icon portrait'>\n\t\t\t\t<a href='https:\/\/www.adnsolution.net\/mba2\/wp-content\/uploads\/2021\/05\/Issiakhem-M-hamed-NI493.jpg'><img loading=\"lazy\" decoding=\"async\" width=\"150\" height=\"150\" src=\"https:\/\/www.adnsolution.net\/mba2\/wp-content\/uploads\/2021\/05\/Issiakhem-M-hamed-NI493-150x150.jpg\" class=\"attachment-thumbnail size-thumbnail\" alt=\"\" \/><\/a>\n\t\t\t<\/div><\/figure><figure class='gallery-item'>\n\t\t\t<div class='gallery-icon portrait'>\n\t\t\t\t<a href='https:\/\/www.adnsolution.net\/mba2\/wp-content\/uploads\/2021\/05\/Khadda-Mohamed-IG4063.jpg'><img loading=\"lazy\" decoding=\"async\" width=\"150\" height=\"150\" src=\"https:\/\/www.adnsolution.net\/mba2\/wp-content\/uploads\/2021\/05\/Khadda-Mohamed-IG4063-150x150.jpg\" class=\"attachment-thumbnail size-thumbnail\" alt=\"\" \/><\/a>\n\t\t\t<\/div><\/figure><figure class='gallery-item'>\n\t\t\t<div class='gallery-icon landscape'>\n\t\t\t\t<a href='https:\/\/www.adnsolution.net\/mba2\/wp-content\/uploads\/2021\/05\/Khadda-Mohamed-NI55.jpg'><img loading=\"lazy\" decoding=\"async\" width=\"150\" height=\"150\" src=\"https:\/\/www.adnsolution.net\/mba2\/wp-content\/uploads\/2021\/05\/Khadda-Mohamed-NI55-150x150.jpg\" class=\"attachment-thumbnail size-thumbnail\" alt=\"\" \/><\/a>\n\t\t\t<\/div><\/figure><figure class='gallery-item'>\n\t\t\t<div class='gallery-icon portrait'>\n\t\t\t\t<a href='https:\/\/www.adnsolution.net\/mba2\/wp-content\/uploads\/2021\/05\/Louail-Mohamed-NI321.jpg'><img loading=\"lazy\" decoding=\"async\" width=\"150\" height=\"150\" src=\"https:\/\/www.adnsolution.net\/mba2\/wp-content\/uploads\/2021\/05\/Louail-Mohamed-NI321-150x150.jpg\" class=\"attachment-thumbnail size-thumbnail\" alt=\"\" \/><\/a>\n\t\t\t<\/div><\/figure><figure class='gallery-item'>\n\t\t\t<div class='gallery-icon landscape'>\n\t\t\t\t<a href='https:\/\/www.adnsolution.net\/mba2\/wp-content\/uploads\/2021\/05\/Mammeri-Azouaou-IG1636.jpg'><img loading=\"lazy\" decoding=\"async\" width=\"150\" height=\"150\" src=\"https:\/\/www.adnsolution.net\/mba2\/wp-content\/uploads\/2021\/05\/Mammeri-Azouaou-IG1636-150x150.jpg\" class=\"attachment-thumbnail size-thumbnail\" alt=\"\" \/><\/a>\n\t\t\t<\/div><\/figure><figure class='gallery-item'>\n\t\t\t<div class='gallery-icon portrait'>\n\t\t\t\t<a href='https:\/\/www.adnsolution.net\/mba2\/wp-content\/uploads\/2021\/05\/Mesli-Choukri-Mahmoud-NI342.jpg'><img loading=\"lazy\" decoding=\"async\" width=\"150\" height=\"150\" src=\"https:\/\/www.adnsolution.net\/mba2\/wp-content\/uploads\/2021\/05\/Mesli-Choukri-Mahmoud-NI342-150x150.jpg\" class=\"attachment-thumbnail size-thumbnail\" alt=\"\" \/><\/a>\n\t\t\t<\/div><\/figure><figure class='gallery-item'>\n\t\t\t<div class='gallery-icon portrait'>\n\t\t\t\t<a href='https:\/\/www.adnsolution.net\/mba2\/wp-content\/uploads\/2021\/05\/Salah-Malek-NI436.jpg'><img loading=\"lazy\" decoding=\"async\" width=\"150\" height=\"150\" src=\"https:\/\/www.adnsolution.net\/mba2\/wp-content\/uploads\/2021\/05\/Salah-Malek-NI436-150x150.jpg\" class=\"attachment-thumbnail size-thumbnail\" alt=\"\" \/><\/a>\n\t\t\t<\/div><\/figure><figure class='gallery-item'>\n\t\t\t<div class='gallery-icon portrait'>\n\t\t\t\t<a href='https:\/\/www.adnsolution.net\/mba2\/wp-content\/uploads\/2021\/05\/Temam-Mohamed-IG3886.jpg'><img loading=\"lazy\" decoding=\"async\" width=\"150\" height=\"150\" src=\"https:\/\/www.adnsolution.net\/mba2\/wp-content\/uploads\/2021\/05\/Temam-Mohamed-IG3886-150x150.jpg\" class=\"attachment-thumbnail size-thumbnail\" alt=\"\" \/><\/a>\n\t\t\t<\/div><\/figure><figure class='gallery-item'>\n\t\t\t<div class='gallery-icon portrait'>\n\t\t\t\t<a href='https:\/\/www.adnsolution.net\/mba2\/wp-content\/uploads\/2021\/05\/Yelles-Bachir-IG5213.jpg'><img loading=\"lazy\" decoding=\"async\" width=\"150\" height=\"150\" src=\"https:\/\/www.adnsolution.net\/mba2\/wp-content\/uploads\/2021\/05\/Yelles-Bachir-IG5213-150x150.jpg\" class=\"attachment-thumbnail size-thumbnail\" alt=\"\" \/><\/a>\n\t\t\t<\/div><\/figure><figure class='gallery-item'>\n\t\t\t<div class='gallery-icon portrait'>\n\t\t\t\t<a href='https:\/\/www.adnsolution.net\/mba2\/wp-content\/uploads\/2021\/05\/Zoubir-Hellal-Mohamed-NI449.jpg'><img loading=\"lazy\" decoding=\"async\" width=\"150\" height=\"150\" src=\"https:\/\/www.adnsolution.net\/mba2\/wp-content\/uploads\/2021\/05\/Zoubir-Hellal-Mohamed-NI449-150x150.jpg\" class=\"attachment-thumbnail size-thumbnail\" alt=\"\" \/><\/a>\n\t\t\t<\/div><\/figure>\n\t\t<\/div>\n\n<div class=\"gallery\"><\/div>\n","protected":false},"excerpt":{"rendered":"<p>La collection d\u2019art alg\u00e9rien qui en1962 n\u2019\u00e9tait constitu\u00e9e que d\u2019une cinquantaine d\u2019\u0153uvres, demeure aujourd\u2019hui encore la plus importante du pays, tant depuis 1962, un effort d\u2019acquisition s\u2019est poursuivi assidument. Aujourd\u2019hui honorable, le corpus constitu\u00e9 traduit, dans la plupart de ses aspects, la grande diversit\u00e9 de participations, de techniques et de talents de nos artistes, g\u00e9n\u00e9ration &hellip;<\/p>\n","protected":false},"author":1,"featured_media":0,"parent":1105,"menu_order":0,"comment_status":"closed","ping_status":"closed","template":"","meta":{"footnotes":""},"class_list":["post-1181","page","type-page","status-publish",""],"_links":{"self":[{"href":"https:\/\/www.adnsolution.net\/mba2\/wp-json\/wp\/v2\/pages\/1181","targetHints":{"allow":["GET"]}}],"collection":[{"href":"https:\/\/www.adnsolution.net\/mba2\/wp-json\/wp\/v2\/pages"}],"about":[{"href":"https:\/\/www.adnsolution.net\/mba2\/wp-json\/wp\/v2\/types\/page"}],"author":[{"embeddable":true,"href":"https:\/\/www.adnsolution.net\/mba2\/wp-json\/wp\/v2\/users\/1"}],"replies":[{"embeddable":true,"href":"https:\/\/www.adnsolution.net\/mba2\/wp-json\/wp\/v2\/comments?post=1181"}],"version-history":[{"count":3,"href":"https:\/\/www.adnsolution.net\/mba2\/wp-json\/wp\/v2\/pages\/1181\/revisions"}],"predecessor-version":[{"id":1381,"href":"https:\/\/www.adnsolution.net\/mba2\/wp-json\/wp\/v2\/pages\/1181\/revisions\/1381"}],"up":[{"embeddable":true,"href":"https:\/\/www.adnsolution.net\/mba2\/wp-json\/wp\/v2\/pages\/1105"}],"wp:attachment":[{"href":"https:\/\/www.adnsolution.net\/mba2\/wp-json\/wp\/v2\/media?parent=1181"}],"curies":[{"name":"wp","href":"https:\/\/api.w.org\/{rel}","templated":true}]}}