{"id":1197,"date":"2021-05-10T01:53:51","date_gmt":"2021-05-10T00:53:51","guid":{"rendered":"https:\/\/www.adnsolution.net\/mba2\/?page_id=1197"},"modified":"2021-05-17T10:21:28","modified_gmt":"2021-05-17T09:21:28","slug":"rez-de-chaussee","status":"publish","type":"page","link":"https:\/\/www.adnsolution.net\/mba2\/les-collections\/parcours-de-visite\/rez-de-chaussee\/","title":{"rendered":"Rez-De-Chauss\u00e9e"},"content":{"rendered":"<p>Le\u00a0 rez-de-chauss\u00e9e, entr\u00e9e principale du mus\u00e9e par la station de m\u00e9tro\u00a0\u00ab\u00a0Hamma\u00a0\u00bb, a, pour vocation, d\u2019abriter les expositions temporaires et th\u00e9matiques. Il sert actuellement \u00e0 l\u2019exposition de la collection de moulages restaur\u00e9s, de celle des verreries contemporaines, ainsi qu\u2019une exposition consacr\u00e9e \u00e0 l\u2019historique du projet de restauration du b\u00e2ti.<\/p>\n<div id='gallery-1' class='gallery galleryid-1197 gallery-columns-3 gallery-size-thumbnail'><figure class='gallery-item'>\n\t\t\t<div class='gallery-icon landscape'>\n\t\t\t\t<a href='https:\/\/www.adnsolution.net\/mba2\/wp-content\/uploads\/2021\/05\/musee-beaux-arts-alger-01.jpg'><img decoding=\"async\" width=\"150\" height=\"150\" src=\"https:\/\/www.adnsolution.net\/mba2\/wp-content\/uploads\/2021\/05\/musee-beaux-arts-alger-01-150x150.jpg\" class=\"attachment-thumbnail size-thumbnail\" alt=\"\" \/><\/a>\n\t\t\t<\/div><\/figure><figure class='gallery-item'>\n\t\t\t<div class='gallery-icon landscape'>\n\t\t\t\t<a href='https:\/\/www.adnsolution.net\/mba2\/wp-content\/uploads\/2021\/05\/musee-beaux-arts-alger-02.jpg'><img decoding=\"async\" width=\"150\" height=\"150\" src=\"https:\/\/www.adnsolution.net\/mba2\/wp-content\/uploads\/2021\/05\/musee-beaux-arts-alger-02-150x150.jpg\" class=\"attachment-thumbnail size-thumbnail\" alt=\"\" \/><\/a>\n\t\t\t<\/div><\/figure><figure class='gallery-item'>\n\t\t\t<div class='gallery-icon landscape'>\n\t\t\t\t<a href='https:\/\/www.adnsolution.net\/mba2\/wp-content\/uploads\/2021\/05\/musee-beaux-arts-alger-03.jpg'><img decoding=\"async\" width=\"150\" height=\"150\" src=\"https:\/\/www.adnsolution.net\/mba2\/wp-content\/uploads\/2021\/05\/musee-beaux-arts-alger-03-150x150.jpg\" class=\"attachment-thumbnail size-thumbnail\" alt=\"\" \/><\/a>\n\t\t\t<\/div><\/figure><figure class='gallery-item'>\n\t\t\t<div class='gallery-icon portrait'>\n\t\t\t\t<a href='https:\/\/www.adnsolution.net\/mba2\/wp-content\/uploads\/2021\/05\/musee-beaux-arts-alger-04.jpg'><img loading=\"lazy\" decoding=\"async\" width=\"150\" height=\"150\" src=\"https:\/\/www.adnsolution.net\/mba2\/wp-content\/uploads\/2021\/05\/musee-beaux-arts-alger-04-150x150.jpg\" class=\"attachment-thumbnail size-thumbnail\" alt=\"\" \/><\/a>\n\t\t\t<\/div><\/figure><figure class='gallery-item'>\n\t\t\t<div class='gallery-icon landscape'>\n\t\t\t\t<a href='https:\/\/www.adnsolution.net\/mba2\/wp-content\/uploads\/2021\/05\/musee-beaux-arts-alger-15.jpg'><img loading=\"lazy\" decoding=\"async\" width=\"150\" height=\"150\" src=\"https:\/\/www.adnsolution.net\/mba2\/wp-content\/uploads\/2021\/05\/musee-beaux-arts-alger-15-150x150.jpg\" class=\"attachment-thumbnail size-thumbnail\" alt=\"\" \/><\/a>\n\t\t\t<\/div><\/figure><figure class='gallery-item'>\n\t\t\t<div class='gallery-icon portrait'>\n\t\t\t\t<a href='https:\/\/www.adnsolution.net\/mba2\/wp-content\/uploads\/2021\/05\/musee-beaux-arts-alger-16.jpg'><img loading=\"lazy\" decoding=\"async\" width=\"150\" height=\"150\" src=\"https:\/\/www.adnsolution.net\/mba2\/wp-content\/uploads\/2021\/05\/musee-beaux-arts-alger-16-150x150.jpg\" class=\"attachment-thumbnail size-thumbnail\" alt=\"\" \/><\/a>\n\t\t\t<\/div><\/figure><figure class='gallery-item'>\n\t\t\t<div class='gallery-icon landscape'>\n\t\t\t\t<a href='https:\/\/www.adnsolution.net\/mba2\/wp-content\/uploads\/2021\/05\/musee-beaux-arts-alger-17.jpg'><img loading=\"lazy\" decoding=\"async\" width=\"150\" height=\"150\" src=\"https:\/\/www.adnsolution.net\/mba2\/wp-content\/uploads\/2021\/05\/musee-beaux-arts-alger-17-150x150.jpg\" class=\"attachment-thumbnail size-thumbnail\" alt=\"\" \/><\/a>\n\t\t\t<\/div><\/figure><figure class='gallery-item'>\n\t\t\t<div class='gallery-icon landscape'>\n\t\t\t\t<a href='https:\/\/www.adnsolution.net\/mba2\/wp-content\/uploads\/2021\/05\/musee-beaux-arts-alger-19.jpg'><img loading=\"lazy\" decoding=\"async\" width=\"150\" height=\"150\" src=\"https:\/\/www.adnsolution.net\/mba2\/wp-content\/uploads\/2021\/05\/musee-beaux-arts-alger-19-150x150.jpg\" class=\"attachment-thumbnail size-thumbnail\" alt=\"\" \/><\/a>\n\t\t\t<\/div><\/figure>\n\t\t<\/div>\n\n","protected":false},"excerpt":{"rendered":"<p>Le\u00a0 rez-de-chauss\u00e9e, entr\u00e9e principale du mus\u00e9e par la station de m\u00e9tro\u00a0\u00ab\u00a0Hamma\u00a0\u00bb, a, pour vocation, d\u2019abriter les expositions temporaires et th\u00e9matiques. Il sert actuellement \u00e0 l\u2019exposition de la collection de moulages restaur\u00e9s, de celle des verreries contemporaines, ainsi qu\u2019une exposition consacr\u00e9e \u00e0 l\u2019historique du projet de restauration du b\u00e2ti.<\/p>\n","protected":false},"author":1,"featured_media":0,"parent":1159,"menu_order":0,"comment_status":"closed","ping_status":"closed","template":"","meta":{"footnotes":""},"class_list":["post-1197","page","type-page","status-publish",""],"_links":{"self":[{"href":"https:\/\/www.adnsolution.net\/mba2\/wp-json\/wp\/v2\/pages\/1197","targetHints":{"allow":["GET"]}}],"collection":[{"href":"https:\/\/www.adnsolution.net\/mba2\/wp-json\/wp\/v2\/pages"}],"about":[{"href":"https:\/\/www.adnsolution.net\/mba2\/wp-json\/wp\/v2\/types\/page"}],"author":[{"embeddable":true,"href":"https:\/\/www.adnsolution.net\/mba2\/wp-json\/wp\/v2\/users\/1"}],"replies":[{"embeddable":true,"href":"https:\/\/www.adnsolution.net\/mba2\/wp-json\/wp\/v2\/comments?post=1197"}],"version-history":[{"count":3,"href":"https:\/\/www.adnsolution.net\/mba2\/wp-json\/wp\/v2\/pages\/1197\/revisions"}],"predecessor-version":[{"id":1329,"href":"https:\/\/www.adnsolution.net\/mba2\/wp-json\/wp\/v2\/pages\/1197\/revisions\/1329"}],"up":[{"embeddable":true,"href":"https:\/\/www.adnsolution.net\/mba2\/wp-json\/wp\/v2\/pages\/1159"}],"wp:attachment":[{"href":"https:\/\/www.adnsolution.net\/mba2\/wp-json\/wp\/v2\/media?parent=1197"}],"curies":[{"name":"wp","href":"https:\/\/api.w.org\/{rel}","templated":true}]}}