{"id":1199,"date":"2021-05-10T01:55:02","date_gmt":"2021-05-10T00:55:02","guid":{"rendered":"https:\/\/www.adnsolution.net\/mba2\/?page_id=1199"},"modified":"2021-05-17T10:21:03","modified_gmt":"2021-05-17T09:21:03","slug":"galerie-des-bronzes","status":"publish","type":"page","link":"https:\/\/www.adnsolution.net\/mba2\/les-collections\/parcours-de-visite\/galerie-des-bronzes\/","title":{"rendered":"Galerie des bronzes"},"content":{"rendered":"<p>Le premier niveau, ou Galerie des Bronzes, belle perspective rythm\u00e9e par la statue de Bourdelle intitul\u00e9e\u00a0 l\u2019\u00ab H\u00e9rak\u00e8s archer \u00bb r\u00e9unit un panorama de l\u2019art alg\u00e9rien, pr\u00e9sent\u00e9 selon ses s\u00e9quences successives\u00a0; les tableaux sont associ\u00e9s \u00e0 une collection de sculptures de la premi\u00e8re moiti\u00e9 du XX\u00e8me si\u00e8cle.<\/p>\n<p>L&#8217;art alg\u00e9rien de 1963 \u00e0 l\u2019or\u00e9e des ann\u00e9es 2OOO\u00a0: l\u2019art de la guerre de lib\u00e9ration \u00a0avec les \u0153uvres de Far\u00e8s Boukhatem, de Mesli, \u00ab\u00a0l\u2019Alg\u00e9rie en flammes\u00a0\u00bb, de Haroun \u00ab\u00a0les passe-montagnes\u00a0\u00bb, l\u2019art moderne alg\u00e9rien avec les tableaux de Khadda, Issiakhem, Martinez), l\u2019art engag\u00e9 avec l\u2019\u0153uvre de Bachir Yell\u00e8s \u00ab\u00a0le plan quadriennal\u00a0\u00bb, les ann\u00e9es 1969-70 avec le mouvement \u00a0Aouchem\u00a0,\u00a0\u00a0 l\u2019art na\u00eff ( les \u0153uvres de Zerarti, Nedjar), les \u0153uvres des femmes peintres (A\u00efcha Haddad, Djemila Bent-Mohamed, Souhila Belbahar), les premi\u00e8res g\u00e9n\u00e9rations de l\u2019\u00e9cole des beaux-arts jusqu\u2019\u00e0 la fin des ann\u00e9es 7O (Martinez, Hioun, Hakkar, Sellal), les ann\u00e9es 80 et 90 \u00e0 travers des \u0153uvres \u00e9manant des principaux repr\u00e9sentants \u00a0des mouvements et tendances reconnues (groupe Pr\u00e9sence, A\u00efdoud, sebbaghine, Zoubir Hellal, Larbi) . L\u2019ensemble de ces \u0153uvres propose, outre certaines productions individuelles de Bachir Bellounis, Guita, Belferd \u00a0etc.\u00a0 un panorama des diff\u00e9rentes techniques d\u2019expression\u00a0: huiles, gravures (Samta Benyahia, Hioun, Khadda, Benanteur), gouaches et aquarelles.<\/p>\n<div id='gallery-1' class='gallery galleryid-1199 gallery-columns-3 gallery-size-thumbnail'><figure class='gallery-item'>\n\t\t\t<div class='gallery-icon landscape'>\n\t\t\t\t<a href='https:\/\/www.adnsolution.net\/mba2\/wp-content\/uploads\/2021\/05\/musee-beaux-arts-alger-22.jpg'><img decoding=\"async\" width=\"150\" height=\"150\" src=\"https:\/\/www.adnsolution.net\/mba2\/wp-content\/uploads\/2021\/05\/musee-beaux-arts-alger-22-150x150.jpg\" class=\"attachment-thumbnail size-thumbnail\" alt=\"\" \/><\/a>\n\t\t\t<\/div><\/figure><figure class='gallery-item'>\n\t\t\t<div class='gallery-icon portrait'>\n\t\t\t\t<a href='https:\/\/www.adnsolution.net\/mba2\/wp-content\/uploads\/2021\/05\/musee-beaux-arts-alger-23.jpg'><img decoding=\"async\" width=\"150\" height=\"150\" src=\"https:\/\/www.adnsolution.net\/mba2\/wp-content\/uploads\/2021\/05\/musee-beaux-arts-alger-23-150x150.jpg\" class=\"attachment-thumbnail size-thumbnail\" alt=\"\" \/><\/a>\n\t\t\t<\/div><\/figure><figure class='gallery-item'>\n\t\t\t<div class='gallery-icon landscape'>\n\t\t\t\t<a href='https:\/\/www.adnsolution.net\/mba2\/wp-content\/uploads\/2021\/05\/musee-beaux-arts-alger-24.jpg'><img decoding=\"async\" width=\"150\" height=\"150\" src=\"https:\/\/www.adnsolution.net\/mba2\/wp-content\/uploads\/2021\/05\/musee-beaux-arts-alger-24-150x150.jpg\" class=\"attachment-thumbnail size-thumbnail\" alt=\"\" \/><\/a>\n\t\t\t<\/div><\/figure><figure class='gallery-item'>\n\t\t\t<div class='gallery-icon landscape'>\n\t\t\t\t<a href='https:\/\/www.adnsolution.net\/mba2\/wp-content\/uploads\/2021\/05\/musee-beaux-arts-alger-25.jpg'><img loading=\"lazy\" decoding=\"async\" width=\"150\" height=\"150\" src=\"https:\/\/www.adnsolution.net\/mba2\/wp-content\/uploads\/2021\/05\/musee-beaux-arts-alger-25-150x150.jpg\" class=\"attachment-thumbnail size-thumbnail\" alt=\"\" \/><\/a>\n\t\t\t<\/div><\/figure><figure class='gallery-item'>\n\t\t\t<div class='gallery-icon landscape'>\n\t\t\t\t<a href='https:\/\/www.adnsolution.net\/mba2\/wp-content\/uploads\/2021\/05\/musee-beaux-arts-alger-26.jpg'><img loading=\"lazy\" decoding=\"async\" width=\"150\" height=\"150\" src=\"https:\/\/www.adnsolution.net\/mba2\/wp-content\/uploads\/2021\/05\/musee-beaux-arts-alger-26-150x150.jpg\" class=\"attachment-thumbnail size-thumbnail\" alt=\"\" \/><\/a>\n\t\t\t<\/div><\/figure><figure class='gallery-item'>\n\t\t\t<div class='gallery-icon landscape'>\n\t\t\t\t<a href='https:\/\/www.adnsolution.net\/mba2\/wp-content\/uploads\/2021\/05\/musee-beaux-arts-alger-27.jpg'><img loading=\"lazy\" decoding=\"async\" width=\"150\" height=\"150\" src=\"https:\/\/www.adnsolution.net\/mba2\/wp-content\/uploads\/2021\/05\/musee-beaux-arts-alger-27-150x150.jpg\" class=\"attachment-thumbnail size-thumbnail\" alt=\"\" \/><\/a>\n\t\t\t<\/div><\/figure><figure class='gallery-item'>\n\t\t\t<div class='gallery-icon portrait'>\n\t\t\t\t<a href='https:\/\/www.adnsolution.net\/mba2\/wp-content\/uploads\/2021\/05\/musee-beaux-arts-alger-28.jpg'><img loading=\"lazy\" decoding=\"async\" width=\"150\" height=\"150\" src=\"https:\/\/www.adnsolution.net\/mba2\/wp-content\/uploads\/2021\/05\/musee-beaux-arts-alger-28-150x150.jpg\" class=\"attachment-thumbnail size-thumbnail\" alt=\"\" \/><\/a>\n\t\t\t<\/div><\/figure><figure class='gallery-item'>\n\t\t\t<div class='gallery-icon portrait'>\n\t\t\t\t<a href='https:\/\/www.adnsolution.net\/mba2\/wp-content\/uploads\/2021\/05\/musee-beaux-arts-alger-29.jpg'><img loading=\"lazy\" decoding=\"async\" width=\"150\" height=\"150\" src=\"https:\/\/www.adnsolution.net\/mba2\/wp-content\/uploads\/2021\/05\/musee-beaux-arts-alger-29-150x150.jpg\" class=\"attachment-thumbnail size-thumbnail\" alt=\"\" \/><\/a>\n\t\t\t<\/div><\/figure><figure class='gallery-item'>\n\t\t\t<div class='gallery-icon landscape'>\n\t\t\t\t<a href='https:\/\/www.adnsolution.net\/mba2\/wp-content\/uploads\/2021\/05\/musee-beaux-arts-alger-30.jpg'><img loading=\"lazy\" decoding=\"async\" width=\"150\" height=\"150\" src=\"https:\/\/www.adnsolution.net\/mba2\/wp-content\/uploads\/2021\/05\/musee-beaux-arts-alger-30-150x150.jpg\" class=\"attachment-thumbnail size-thumbnail\" alt=\"\" \/><\/a>\n\t\t\t<\/div><\/figure><figure class='gallery-item'>\n\t\t\t<div class='gallery-icon landscape'>\n\t\t\t\t<a href='https:\/\/www.adnsolution.net\/mba2\/wp-content\/uploads\/2021\/05\/musee-beaux-arts-alger-31.jpg'><img loading=\"lazy\" decoding=\"async\" width=\"150\" height=\"150\" src=\"https:\/\/www.adnsolution.net\/mba2\/wp-content\/uploads\/2021\/05\/musee-beaux-arts-alger-31-150x150.jpg\" class=\"attachment-thumbnail size-thumbnail\" alt=\"\" \/><\/a>\n\t\t\t<\/div><\/figure><figure class='gallery-item'>\n\t\t\t<div class='gallery-icon landscape'>\n\t\t\t\t<a href='https:\/\/www.adnsolution.net\/mba2\/wp-content\/uploads\/2021\/05\/musee-beaux-arts-alger-32.jpg'><img loading=\"lazy\" decoding=\"async\" width=\"150\" height=\"150\" src=\"https:\/\/www.adnsolution.net\/mba2\/wp-content\/uploads\/2021\/05\/musee-beaux-arts-alger-32-150x150.jpg\" class=\"attachment-thumbnail size-thumbnail\" alt=\"\" \/><\/a>\n\t\t\t<\/div><\/figure><figure class='gallery-item'>\n\t\t\t<div class='gallery-icon landscape'>\n\t\t\t\t<a href='https:\/\/www.adnsolution.net\/mba2\/wp-content\/uploads\/2021\/05\/musee-beaux-arts-alger-33.jpg'><img loading=\"lazy\" decoding=\"async\" width=\"150\" height=\"150\" src=\"https:\/\/www.adnsolution.net\/mba2\/wp-content\/uploads\/2021\/05\/musee-beaux-arts-alger-33-150x150.jpg\" class=\"attachment-thumbnail size-thumbnail\" alt=\"\" \/><\/a>\n\t\t\t<\/div><\/figure><figure class='gallery-item'>\n\t\t\t<div class='gallery-icon portrait'>\n\t\t\t\t<a href='https:\/\/www.adnsolution.net\/mba2\/wp-content\/uploads\/2021\/05\/musee-beaux-arts-alger-34.jpg'><img loading=\"lazy\" decoding=\"async\" width=\"150\" height=\"150\" src=\"https:\/\/www.adnsolution.net\/mba2\/wp-content\/uploads\/2021\/05\/musee-beaux-arts-alger-34-150x150.jpg\" class=\"attachment-thumbnail size-thumbnail\" alt=\"\" \/><\/a>\n\t\t\t<\/div><\/figure><figure class='gallery-item'>\n\t\t\t<div class='gallery-icon portrait'>\n\t\t\t\t<a href='https:\/\/www.adnsolution.net\/mba2\/wp-content\/uploads\/2021\/05\/musee-beaux-arts-alger-35.jpg'><img loading=\"lazy\" decoding=\"async\" width=\"150\" height=\"150\" src=\"https:\/\/www.adnsolution.net\/mba2\/wp-content\/uploads\/2021\/05\/musee-beaux-arts-alger-35-150x150.jpg\" class=\"attachment-thumbnail size-thumbnail\" alt=\"\" \/><\/a>\n\t\t\t<\/div><\/figure><figure class='gallery-item'>\n\t\t\t<div class='gallery-icon landscape'>\n\t\t\t\t<a href='https:\/\/www.adnsolution.net\/mba2\/wp-content\/uploads\/2021\/05\/musee-beaux-arts-alger-36.jpg'><img loading=\"lazy\" decoding=\"async\" width=\"150\" height=\"150\" src=\"https:\/\/www.adnsolution.net\/mba2\/wp-content\/uploads\/2021\/05\/musee-beaux-arts-alger-36-150x150.jpg\" class=\"attachment-thumbnail size-thumbnail\" alt=\"\" \/><\/a>\n\t\t\t<\/div><\/figure>\n\t\t<\/div>\n\n","protected":false},"excerpt":{"rendered":"<p>Le premier niveau, ou Galerie des Bronzes, belle perspective rythm\u00e9e par la statue de Bourdelle intitul\u00e9e\u00a0 l\u2019\u00ab H\u00e9rak\u00e8s archer \u00bb r\u00e9unit un panorama de l\u2019art alg\u00e9rien, pr\u00e9sent\u00e9 selon ses s\u00e9quences successives\u00a0; les tableaux sont associ\u00e9s \u00e0 une collection de sculptures de la premi\u00e8re moiti\u00e9 du XX\u00e8me si\u00e8cle. L&#8217;art alg\u00e9rien de 1963 \u00e0 l\u2019or\u00e9e des ann\u00e9es &hellip;<\/p>\n","protected":false},"author":1,"featured_media":0,"parent":1159,"menu_order":0,"comment_status":"closed","ping_status":"closed","template":"","meta":{"footnotes":""},"class_list":["post-1199","page","type-page","status-publish",""],"_links":{"self":[{"href":"https:\/\/www.adnsolution.net\/mba2\/wp-json\/wp\/v2\/pages\/1199","targetHints":{"allow":["GET"]}}],"collection":[{"href":"https:\/\/www.adnsolution.net\/mba2\/wp-json\/wp\/v2\/pages"}],"about":[{"href":"https:\/\/www.adnsolution.net\/mba2\/wp-json\/wp\/v2\/types\/page"}],"author":[{"embeddable":true,"href":"https:\/\/www.adnsolution.net\/mba2\/wp-json\/wp\/v2\/users\/1"}],"replies":[{"embeddable":true,"href":"https:\/\/www.adnsolution.net\/mba2\/wp-json\/wp\/v2\/comments?post=1199"}],"version-history":[{"count":4,"href":"https:\/\/www.adnsolution.net\/mba2\/wp-json\/wp\/v2\/pages\/1199\/revisions"}],"predecessor-version":[{"id":1328,"href":"https:\/\/www.adnsolution.net\/mba2\/wp-json\/wp\/v2\/pages\/1199\/revisions\/1328"}],"up":[{"embeddable":true,"href":"https:\/\/www.adnsolution.net\/mba2\/wp-json\/wp\/v2\/pages\/1159"}],"wp:attachment":[{"href":"https:\/\/www.adnsolution.net\/mba2\/wp-json\/wp\/v2\/media?parent=1199"}],"curies":[{"name":"wp","href":"https:\/\/api.w.org\/{rel}","templated":true}]}}