{"id":1211,"date":"2021-05-17T09:12:09","date_gmt":"2021-05-17T08:12:09","guid":{"rendered":"https:\/\/www.adnsolution.net\/mba2\/?page_id=1211"},"modified":"2021-05-17T10:20:35","modified_gmt":"2021-05-17T09:20:35","slug":"espace-belmondo","status":"publish","type":"page","link":"https:\/\/www.adnsolution.net\/mba2\/les-collections\/parcours-de-visite\/espace-belmondo\/","title":{"rendered":"Espace Belmondo"},"content":{"rendered":"<p>La ville d\u2019Alger a connu au cours du XX\u00e8me si\u00e8cle une activit\u00e9 particuli\u00e8re dans le domaine de la sculpture.\u00a0 Elle a donn\u00e9 naissance \u00e0 plusieurs grands noms de l\u2019art monumental\u00a0: Georges B\u00e9guet\u00a0 (\u00ab\u00a0La baigneuse\u00a0\u00bb du Jardin d\u2019essai), Paul Belmondo (\u00a0Hauts-reliefs du b\u00e2timent de l\u2019UGTA sis \u00e0 la Place du 1<sup>er<\/sup>\u00a0mai) et Andr\u00e9 Greck ( statue de sportif du stade du 20 Ao\u00fbt\u00a0 du Hamma).<\/p>\n<p>Le Mus\u00e9e national des beaux-arts poss\u00e8de une collection remarquable de sculptures universelles qu\u2019il a tenu \u00e0 mettre en valeur au cours des derni\u00e8res d\u00e9cennies (cliquer \u00ab\u00a0Parcours mus\u00e9al\u00a0\u00bb)\u00a0;<\/p>\n<p>C\u2019est ainsi qu\u2019on pourra d\u00e9couvrir , dans la Mezzanine de l\u2019aile est qui surplombe la galerie des bronzes, un espace consacr\u00e9 \u00e0 l\u2019\u0153uvre du grand sculpteur universel Paul Belmondo, grand prix de l\u2019Alg\u00e9rie 1932.<\/p>\n<p>Dans cet espace six bronzes sont expos\u00e9s\u00a0: \u00ab\u00a0Portrait d\u2019un jeune sculpteur\u00a0\u00bb, \u00ab\u00a0Portrait de jeune homme\u00a0\u00bb, \u00ab\u00a0Buste de Mme Belmondo\u00a0\u00bb, \u00ab\u00a0Mon p\u00e8re\u00a0\u00bb, \u00ab\u00a0Buste de Mme Mercier\u00a0\u00bb et \u00ab\u00a0Buste de Vlamick\u00a0\u00bb, qui furent tous acquis aupr\u00e8s de l\u2019artiste dans les ann\u00e9es 50.<\/p>\n<p>N\u00e9 \u00e0 Alger en 1898 et d\u00e9c\u00e9d\u00e9 en 1982, Paul Belmondo , dont une importante partie de sa carri\u00e8re s\u2019est d\u00e9roul\u00e9e \u00e0 Alger ,fit son apprentissage\u00a0 \u00e0 l\u2019Ecole des beaux-arts d\u2019Alger dans l\u2019atelier B\u00e9guetet poursuivit\u00a0 ensuite ses \u00e9tudes \u00e0 Paris.<\/p>\n<p>Encourag\u00e9 par ses ma\u00eetres Bouchaud et Despiau, il obtint le Prix Blumenthal et participe en 1928 au Salon des artistes alg\u00e9riens et orientalistes avec \u00ab\u00a0Portrait de jeune sculpteur\u00a0\u00bb acquis par le mus\u00e9e. Paul Belmondo, qui y avait expos\u00e9 pour la premi\u00e8re fois en 1917, re\u00e7oit en 1932 le Grand prix de l\u2019Alg\u00e9rie.<\/p>\n<p>En 1936, il est charg\u00e9 de la d\u00e9coration du Palais de Chaillot de Paris et en 1955 de la d\u00e9coration du lyc\u00e9e de jeunes filles de Constantine (figure de pierre, all\u00e9gorie de \u00ab\u00a0La sagesse\u00a0\u00bb). En 1956, la ville de Paris lui d\u00e9cerne son grand prix. Il enseigna pendant longtemps le dessin \u00e0 l\u2019Ecole des beaux-arts de Paris et fut membre de l\u2019Acad\u00e9mie des beaux-arts. L\u2019Alg\u00e9rie conserve un grand nombre d\u2019\u0153uvres de ce sculpteur.<\/p>\n<div id='gallery-1' class='gallery galleryid-1211 gallery-columns-3 gallery-size-thumbnail'><figure class='gallery-item'>\n\t\t\t<div class='gallery-icon portrait'>\n\t\t\t\t<a href='https:\/\/www.adnsolution.net\/mba2\/wp-content\/uploads\/2021\/05\/BELMONDO-Paul-IG520.jpg'><img decoding=\"async\" width=\"150\" height=\"150\" src=\"https:\/\/www.adnsolution.net\/mba2\/wp-content\/uploads\/2021\/05\/BELMONDO-Paul-IG520-150x150.jpg\" class=\"attachment-thumbnail size-thumbnail\" alt=\"\" \/><\/a>\n\t\t\t<\/div><\/figure><figure class='gallery-item'>\n\t\t\t<div class='gallery-icon portrait'>\n\t\t\t\t<a href='https:\/\/www.adnsolution.net\/mba2\/wp-content\/uploads\/2021\/05\/BELMONDO-Paul-IG740.jpg'><img decoding=\"async\" width=\"150\" height=\"150\" src=\"https:\/\/www.adnsolution.net\/mba2\/wp-content\/uploads\/2021\/05\/BELMONDO-Paul-IG740-150x150.jpg\" class=\"attachment-thumbnail size-thumbnail\" alt=\"\" \/><\/a>\n\t\t\t<\/div><\/figure><figure class='gallery-item'>\n\t\t\t<div class='gallery-icon portrait'>\n\t\t\t\t<a href='https:\/\/www.adnsolution.net\/mba2\/wp-content\/uploads\/2021\/05\/BELMONDO-Paul-IG1541.jpg'><img decoding=\"async\" width=\"150\" height=\"150\" src=\"https:\/\/www.adnsolution.net\/mba2\/wp-content\/uploads\/2021\/05\/BELMONDO-Paul-IG1541-150x150.jpg\" class=\"attachment-thumbnail size-thumbnail\" alt=\"\" \/><\/a>\n\t\t\t<\/div><\/figure><figure class='gallery-item'>\n\t\t\t<div class='gallery-icon portrait'>\n\t\t\t\t<a href='https:\/\/www.adnsolution.net\/mba2\/wp-content\/uploads\/2021\/05\/BELMONDO-Paul-IG3265.jpg'><img loading=\"lazy\" decoding=\"async\" width=\"150\" height=\"150\" src=\"https:\/\/www.adnsolution.net\/mba2\/wp-content\/uploads\/2021\/05\/BELMONDO-Paul-IG3265-150x150.jpg\" class=\"attachment-thumbnail size-thumbnail\" alt=\"\" \/><\/a>\n\t\t\t<\/div><\/figure><figure class='gallery-item'>\n\t\t\t<div class='gallery-icon portrait'>\n\t\t\t\t<a href='https:\/\/www.adnsolution.net\/mba2\/wp-content\/uploads\/2021\/05\/BELMONDO-Paul-IG3266.jpg'><img loading=\"lazy\" decoding=\"async\" width=\"150\" height=\"150\" src=\"https:\/\/www.adnsolution.net\/mba2\/wp-content\/uploads\/2021\/05\/BELMONDO-Paul-IG3266-150x150.jpg\" class=\"attachment-thumbnail size-thumbnail\" alt=\"\" \/><\/a>\n\t\t\t<\/div><\/figure><figure class='gallery-item'>\n\t\t\t<div class='gallery-icon landscape'>\n\t\t\t\t<a href='https:\/\/www.adnsolution.net\/mba2\/wp-content\/uploads\/2021\/05\/BELMONDO-Paul-IG3640.jpg'><img loading=\"lazy\" decoding=\"async\" width=\"150\" height=\"150\" src=\"https:\/\/www.adnsolution.net\/mba2\/wp-content\/uploads\/2021\/05\/BELMONDO-Paul-IG3640-150x150.jpg\" class=\"attachment-thumbnail size-thumbnail\" alt=\"\" \/><\/a>\n\t\t\t<\/div><\/figure>\n\t\t<\/div>\n\n","protected":false},"excerpt":{"rendered":"<p>La ville d\u2019Alger a connu au cours du XX\u00e8me si\u00e8cle une activit\u00e9 particuli\u00e8re dans le domaine de la sculpture.\u00a0 Elle a donn\u00e9 naissance \u00e0 plusieurs grands noms de l\u2019art monumental\u00a0: Georges B\u00e9guet\u00a0 (\u00ab\u00a0La baigneuse\u00a0\u00bb du Jardin d\u2019essai), Paul Belmondo (\u00a0Hauts-reliefs du b\u00e2timent de l\u2019UGTA sis \u00e0 la Place du 1er\u00a0mai) et Andr\u00e9 Greck ( statue &hellip;<\/p>\n","protected":false},"author":1,"featured_media":0,"parent":1159,"menu_order":0,"comment_status":"closed","ping_status":"closed","template":"","meta":{"footnotes":""},"class_list":["post-1211","page","type-page","status-publish","hentry"],"_links":{"self":[{"href":"https:\/\/www.adnsolution.net\/mba2\/wp-json\/wp\/v2\/pages\/1211","targetHints":{"allow":["GET"]}}],"collection":[{"href":"https:\/\/www.adnsolution.net\/mba2\/wp-json\/wp\/v2\/pages"}],"about":[{"href":"https:\/\/www.adnsolution.net\/mba2\/wp-json\/wp\/v2\/types\/page"}],"author":[{"embeddable":true,"href":"https:\/\/www.adnsolution.net\/mba2\/wp-json\/wp\/v2\/users\/1"}],"replies":[{"embeddable":true,"href":"https:\/\/www.adnsolution.net\/mba2\/wp-json\/wp\/v2\/comments?post=1211"}],"version-history":[{"count":4,"href":"https:\/\/www.adnsolution.net\/mba2\/wp-json\/wp\/v2\/pages\/1211\/revisions"}],"predecessor-version":[{"id":1327,"href":"https:\/\/www.adnsolution.net\/mba2\/wp-json\/wp\/v2\/pages\/1211\/revisions\/1327"}],"up":[{"embeddable":true,"href":"https:\/\/www.adnsolution.net\/mba2\/wp-json\/wp\/v2\/pages\/1159"}],"wp:attachment":[{"href":"https:\/\/www.adnsolution.net\/mba2\/wp-json\/wp\/v2\/media?parent=1211"}],"curies":[{"name":"wp","href":"https:\/\/api.w.org\/{rel}","templated":true}]}}