{"id":1213,"date":"2021-05-17T09:15:35","date_gmt":"2021-05-17T08:15:35","guid":{"rendered":"https:\/\/www.adnsolution.net\/mba2\/?page_id=1213"},"modified":"2021-05-17T09:15:35","modified_gmt":"2021-05-17T08:15:35","slug":"salle-de-peintures","status":"publish","type":"page","link":"https:\/\/www.adnsolution.net\/mba2\/les-collections\/parcours-de-visite\/salle-de-peintures\/","title":{"rendered":"Salle de peintures"},"content":{"rendered":"<p>&#8211;\u00a0 Salon Carr\u00e9\u00a0: \u0153uvres des \u00e9coles europ\u00e9ennes des XVII\u00e8me et XVIII\u00e8me si\u00e8cles.<\/p>\n<p>Cet espace renferme quelques toiles majeures de la collection, telles que les oeuvres des peintres repr\u00e9sentant les principaux mouvements italien, fran\u00e7ais et hollandais du XVII\u00e8me si\u00e8cle. Parmi les chefs-d&#8217;oeuvre, la toile de Van goyen, paysage de Hollande, dat\u00e9e 1673, les productions des peintres fran\u00e7ais de l&#8217;\u00e9cole de Rome s\u00e9bastien bourdon, Claude Vignon et Simon Vouet; enfin, une tr\u00e8s belle oeuvre de l&#8217;espagnol Alonso Cano, repr\u00e9sentant une sc\u00e8ne d&#8217;extase religieuse; on pourra d\u00e9couvrir dans ce m\u00eame lieu quelques compositions influenc\u00e9es par l&#8217;esprit de l&#8217;\u00e9cole de Fontainebleau.<\/p>\n<p>L&#8217;\u00e9cole hollandaise de peinture est repr\u00e9sent\u00e9e, quant \u00e0 elle, par quelques sc\u00e8nes rustiques dont une belle composition animali\u00e8re du peintre Van Weenix.<\/p>\n<p>Les instruments de musique expos\u00e9s proviennent de deux grandes collections priv\u00e9es d&#8217;Alger au XIX\u00e8me si\u00e8cle.<\/p>\n<p>&#8211;\u00a0 Premi\u00e8re partie de la galerie ouest-est\u00a0: d\u00e9bute au XVIII\u00e8me si\u00e8cle et s\u2019ach\u00e8ve par la pr\u00e9sentation d\u2019\u0153uvres de l\u2019\u00e9cole de Paris. \u00a0On verra en particulier\u00a0: l\u2019art italien du XVIII\u00e8me, la nature-morte (Chardin) le portrait fran\u00e7ais du XVIII\u00e8me (Nattier et Largilli\u00e8re), l\u2019art de la p\u00e9riode r\u00e9volutionnaire (David, Vincent), le Classicisme (Baron Gros, Taunay, \u2026), la salle Gustave Courbet, la salle Thomas Couture, deux salles consacr\u00e9es \u00e0 l\u2019\u00e9cole de Barbizon.<\/p>\n<p>&#8211;\u00a0 Deuxi\u00e8me partie de la galerie ouest-est\u00a0: les impressionnistes, Jongkind et Boudin, Salle Degas, \u00e9cole du r\u00e9alisme fran\u00e7ais Daumier Caillebotte,\u00a0Fantin-Latour, les symbolistes (Maurice Denis, Odilon Redon), les d\u00e9buts du cubisme et l\u2019\u00e9cole Pont-Aven ( Emile Bernard, Gauguin), les Fauves (Matisse, Vlaminck, Derain), les nabis (Vuillard, Roussel), l\u2019\u00e9cole de Paris (Utrillo, Valadon, Valloton, Jacques-Emile blanche).<\/p>\n<p>&nbsp;<\/p>\n","protected":false},"excerpt":{"rendered":"<p>&#8211;\u00a0 Salon Carr\u00e9\u00a0: \u0153uvres des \u00e9coles europ\u00e9ennes des XVII\u00e8me et XVIII\u00e8me si\u00e8cles. Cet espace renferme quelques toiles majeures de la collection, telles que les oeuvres des peintres repr\u00e9sentant les principaux mouvements italien, fran\u00e7ais et hollandais du XVII\u00e8me si\u00e8cle. Parmi les chefs-d&#8217;oeuvre, la toile de Van goyen, paysage de Hollande, dat\u00e9e 1673, les productions des peintres &hellip;<\/p>\n","protected":false},"author":1,"featured_media":0,"parent":1159,"menu_order":0,"comment_status":"closed","ping_status":"closed","template":"","meta":{"footnotes":""},"class_list":["post-1213","page","type-page","status-publish",""],"_links":{"self":[{"href":"https:\/\/www.adnsolution.net\/mba2\/wp-json\/wp\/v2\/pages\/1213","targetHints":{"allow":["GET"]}}],"collection":[{"href":"https:\/\/www.adnsolution.net\/mba2\/wp-json\/wp\/v2\/pages"}],"about":[{"href":"https:\/\/www.adnsolution.net\/mba2\/wp-json\/wp\/v2\/types\/page"}],"author":[{"embeddable":true,"href":"https:\/\/www.adnsolution.net\/mba2\/wp-json\/wp\/v2\/users\/1"}],"replies":[{"embeddable":true,"href":"https:\/\/www.adnsolution.net\/mba2\/wp-json\/wp\/v2\/comments?post=1213"}],"version-history":[{"count":1,"href":"https:\/\/www.adnsolution.net\/mba2\/wp-json\/wp\/v2\/pages\/1213\/revisions"}],"predecessor-version":[{"id":1214,"href":"https:\/\/www.adnsolution.net\/mba2\/wp-json\/wp\/v2\/pages\/1213\/revisions\/1214"}],"up":[{"embeddable":true,"href":"https:\/\/www.adnsolution.net\/mba2\/wp-json\/wp\/v2\/pages\/1159"}],"wp:attachment":[{"href":"https:\/\/www.adnsolution.net\/mba2\/wp-json\/wp\/v2\/media?parent=1213"}],"curies":[{"name":"wp","href":"https:\/\/api.w.org\/{rel}","templated":true}]}}