{"id":1215,"date":"2021-05-17T09:17:06","date_gmt":"2021-05-17T08:17:06","guid":{"rendered":"https:\/\/www.adnsolution.net\/mba2\/?page_id=1215"},"modified":"2021-05-17T09:17:06","modified_gmt":"2021-05-17T08:17:06","slug":"salle-racim","status":"publish","type":"page","link":"https:\/\/www.adnsolution.net\/mba2\/les-collections\/parcours-de-visite\/salle-racim\/","title":{"rendered":"Salle Racim"},"content":{"rendered":"<p>Salle Racim (Cabinet des estampes) : outre quelques sp\u00e9cimens de la collection d\u2019art d\u00e9coratif, dont des vases persans tr\u00e8s pr\u00e9cieux, et la dinanderie maghr\u00e9bine\u00a0; ce lieu renferme le plus important ensemble du pays, d\u2019\u0153uvres du miniaturiste Mohamed Racim (1897-1975). On pourra y d\u00e9couvrir plusieurs aspects de son \u0153uvre\u00a0: l\u2019histoire \u00e9pique d\u2019Alger \u00e0 travers plusieurs repr\u00e9sentations de batailles navales contre la flotte espagnole, le retour du ra\u00efs, Un portrait de Kheirredine, la vie quotidienne de l\u2019ancienne cit\u00e9 (femmes sur la terrasse, la rue sidi\u00a0 Abdallah, lendemain de mariage, etc.), ainsi que les miniatures et enluminures inspir\u00e9es de la vie religieuse (l\u2019histoire de l\u2019Islam, nuit de Ramadhan)\u00a0; on notera au passage, une calligraphie de Ali Ben Sa\u00efd Racim.<\/p>\n","protected":false},"excerpt":{"rendered":"<p>Salle Racim (Cabinet des estampes) : outre quelques sp\u00e9cimens de la collection d\u2019art d\u00e9coratif, dont des vases persans tr\u00e8s pr\u00e9cieux, et la dinanderie maghr\u00e9bine\u00a0; ce lieu renferme le plus important ensemble du pays, d\u2019\u0153uvres du miniaturiste Mohamed Racim (1897-1975). On pourra y d\u00e9couvrir plusieurs aspects de son \u0153uvre\u00a0: l\u2019histoire \u00e9pique d\u2019Alger \u00e0 travers plusieurs repr\u00e9sentations &hellip;<\/p>\n","protected":false},"author":1,"featured_media":0,"parent":1159,"menu_order":0,"comment_status":"closed","ping_status":"closed","template":"","meta":{"footnotes":""},"class_list":["post-1215","page","type-page","status-publish",""],"_links":{"self":[{"href":"https:\/\/www.adnsolution.net\/mba2\/wp-json\/wp\/v2\/pages\/1215","targetHints":{"allow":["GET"]}}],"collection":[{"href":"https:\/\/www.adnsolution.net\/mba2\/wp-json\/wp\/v2\/pages"}],"about":[{"href":"https:\/\/www.adnsolution.net\/mba2\/wp-json\/wp\/v2\/types\/page"}],"author":[{"embeddable":true,"href":"https:\/\/www.adnsolution.net\/mba2\/wp-json\/wp\/v2\/users\/1"}],"replies":[{"embeddable":true,"href":"https:\/\/www.adnsolution.net\/mba2\/wp-json\/wp\/v2\/comments?post=1215"}],"version-history":[{"count":1,"href":"https:\/\/www.adnsolution.net\/mba2\/wp-json\/wp\/v2\/pages\/1215\/revisions"}],"predecessor-version":[{"id":1216,"href":"https:\/\/www.adnsolution.net\/mba2\/wp-json\/wp\/v2\/pages\/1215\/revisions\/1216"}],"up":[{"embeddable":true,"href":"https:\/\/www.adnsolution.net\/mba2\/wp-json\/wp\/v2\/pages\/1159"}],"wp:attachment":[{"href":"https:\/\/www.adnsolution.net\/mba2\/wp-json\/wp\/v2\/media?parent=1215"}],"curies":[{"name":"wp","href":"https:\/\/api.w.org\/{rel}","templated":true}]}}