{"id":1217,"date":"2021-05-17T09:17:48","date_gmt":"2021-05-17T08:17:48","guid":{"rendered":"https:\/\/www.adnsolution.net\/mba2\/?page_id=1217"},"modified":"2021-05-17T09:17:48","modified_gmt":"2021-05-17T08:17:48","slug":"salle-aicha-haddad","status":"publish","type":"page","link":"https:\/\/www.adnsolution.net\/mba2\/les-collections\/parcours-de-visite\/salle-aicha-haddad\/","title":{"rendered":"Salle Aicha Haddad"},"content":{"rendered":"<p>Les c\u00e9ramiques expos\u00e9es dans la salle X illustrent les productions des manufactures europ\u00e9ennes des XVIIe et XVIIIe s\u00a0: potiches bleu de chine de Delft, enfin produits de la compagnie des indes.<\/p>\n<p>Quelques c\u00e9ramiques persanes, cuivres alg\u00e9rois et tapis persans avaient \u00e9t\u00e9 acquis en<\/p>\n<p>1956 chez certains antiquaires alg\u00e9rois\u00a0;des pi\u00e8ces d\u00e9corent aujourd\u2019hui le cabinet des estampes aux cot\u00e9s des \u0153uvres de Racim et apportent ainsi un suppl\u00e9ment d\u2019information \u00e0 l\u2019inspiration du maitre .<\/p>\n<p>Les pi\u00e8ces de mobilier expos\u00e9es ainsi que l\u2019art d\u00e9coratif\u00a0 europ\u00e9en proviennent d\u2019anciennes acquisitions du mus\u00e9e et des collections d\u2019Alger Pierre savognan de Brazza et de Louis, Jourdan, c\u00e9l\u00e8bre amateur d\u2019art du si\u00e8cle dernier. On ne manquera d\u2019admirer, entre autres objets, une malle de carrosse du XVI\u00e8me recouverte de cuir de cordeau en marqueterie italienne expos\u00e9 dans la salle Temam, ainsi que les diff\u00e9rents secr\u00e9taires Empirent et fauteuils Louis XVI qui jalonnent le parcours.<\/p>\n<p>La collection d\u2019art d\u00e9coratif renferme \u00e9galement depuis 2003, une tr\u00e8s belle collection de de on\u00a0 pourra les d\u00e9couvrir dans les vitrines de la salle Aicha Haddad et dans la galerie des bronzes au premier \u00e9tage, entourant l\u2019H\u00e9rakl\u00e8s archer de Bourdelle.<\/p>\n","protected":false},"excerpt":{"rendered":"<p>Les c\u00e9ramiques expos\u00e9es dans la salle X illustrent les productions des manufactures europ\u00e9ennes des XVIIe et XVIIIe s\u00a0: potiches bleu de chine de Delft, enfin produits de la compagnie des indes. Quelques c\u00e9ramiques persanes, cuivres alg\u00e9rois et tapis persans avaient \u00e9t\u00e9 acquis en 1956 chez certains antiquaires alg\u00e9rois\u00a0;des pi\u00e8ces d\u00e9corent aujourd\u2019hui le cabinet des estampes &hellip;<\/p>\n","protected":false},"author":1,"featured_media":0,"parent":1159,"menu_order":0,"comment_status":"closed","ping_status":"closed","template":"","meta":{"footnotes":""},"class_list":["post-1217","page","type-page","status-publish",""],"_links":{"self":[{"href":"https:\/\/www.adnsolution.net\/mba2\/wp-json\/wp\/v2\/pages\/1217","targetHints":{"allow":["GET"]}}],"collection":[{"href":"https:\/\/www.adnsolution.net\/mba2\/wp-json\/wp\/v2\/pages"}],"about":[{"href":"https:\/\/www.adnsolution.net\/mba2\/wp-json\/wp\/v2\/types\/page"}],"author":[{"embeddable":true,"href":"https:\/\/www.adnsolution.net\/mba2\/wp-json\/wp\/v2\/users\/1"}],"replies":[{"embeddable":true,"href":"https:\/\/www.adnsolution.net\/mba2\/wp-json\/wp\/v2\/comments?post=1217"}],"version-history":[{"count":2,"href":"https:\/\/www.adnsolution.net\/mba2\/wp-json\/wp\/v2\/pages\/1217\/revisions"}],"predecessor-version":[{"id":1315,"href":"https:\/\/www.adnsolution.net\/mba2\/wp-json\/wp\/v2\/pages\/1217\/revisions\/1315"}],"up":[{"embeddable":true,"href":"https:\/\/www.adnsolution.net\/mba2\/wp-json\/wp\/v2\/pages\/1159"}],"wp:attachment":[{"href":"https:\/\/www.adnsolution.net\/mba2\/wp-json\/wp\/v2\/media?parent=1217"}],"curies":[{"name":"wp","href":"https:\/\/api.w.org\/{rel}","templated":true}]}}