{"id":1219,"date":"2021-05-17T09:18:39","date_gmt":"2021-05-17T08:18:39","guid":{"rendered":"https:\/\/www.adnsolution.net\/mba2\/?page_id=1219"},"modified":"2021-05-17T10:21:54","modified_gmt":"2021-05-17T09:21:54","slug":"salla-louail","status":"publish","type":"page","link":"https:\/\/www.adnsolution.net\/mba2\/les-collections\/parcours-de-visite\/salla-louail\/","title":{"rendered":"Salla Louail"},"content":{"rendered":"<p>La salle Mohamed Loua\u00efl, du nom de l&#8217;un des premiers peintres-conservateurs alg\u00e9riens, propose un tour d&#8217;horizon sur l\u2019Alg\u00e9rie au XIX\u00e8me si\u00e8cle et les diff\u00e9rentes visions qu\u2019elle a inspir\u00e9:\u00a0 les pr\u00e9mices de l\u2019\u00e9cole d\u2019Alger avec Lazerges, Chataud et Lebourg, la vision du pays et de son peuple \u00e0 travers Dinet et Verschaffelt, le paysage avec Rochegrosse et Joseph Sint\u00e9s.<\/p>\n<div id='gallery-1' class='gallery galleryid-1219 gallery-columns-3 gallery-size-thumbnail'><figure class='gallery-item'>\n\t\t\t<div class='gallery-icon portrait'>\n\t\t\t\t<a href='https:\/\/www.adnsolution.net\/mba2\/wp-content\/uploads\/2021\/05\/musee-beaux-arts-alger-170.jpg'><img decoding=\"async\" width=\"150\" height=\"150\" src=\"https:\/\/www.adnsolution.net\/mba2\/wp-content\/uploads\/2021\/05\/musee-beaux-arts-alger-170-150x150.jpg\" class=\"attachment-thumbnail size-thumbnail\" alt=\"\" \/><\/a>\n\t\t\t<\/div><\/figure><figure class='gallery-item'>\n\t\t\t<div class='gallery-icon landscape'>\n\t\t\t\t<a href='https:\/\/www.adnsolution.net\/mba2\/wp-content\/uploads\/2021\/05\/musee-beaux-arts-alger-171.jpg'><img decoding=\"async\" width=\"150\" height=\"150\" src=\"https:\/\/www.adnsolution.net\/mba2\/wp-content\/uploads\/2021\/05\/musee-beaux-arts-alger-171-150x150.jpg\" class=\"attachment-thumbnail size-thumbnail\" alt=\"\" \/><\/a>\n\t\t\t<\/div><\/figure><figure class='gallery-item'>\n\t\t\t<div class='gallery-icon landscape'>\n\t\t\t\t<a href='https:\/\/www.adnsolution.net\/mba2\/wp-content\/uploads\/2021\/05\/musee-beaux-arts-alger-172.jpg'><img decoding=\"async\" width=\"150\" height=\"150\" src=\"https:\/\/www.adnsolution.net\/mba2\/wp-content\/uploads\/2021\/05\/musee-beaux-arts-alger-172-150x150.jpg\" class=\"attachment-thumbnail size-thumbnail\" alt=\"\" \/><\/a>\n\t\t\t<\/div><\/figure><figure class='gallery-item'>\n\t\t\t<div class='gallery-icon landscape'>\n\t\t\t\t<a href='https:\/\/www.adnsolution.net\/mba2\/wp-content\/uploads\/2021\/05\/musee-beaux-arts-alger-173.jpg'><img loading=\"lazy\" decoding=\"async\" width=\"150\" height=\"150\" src=\"https:\/\/www.adnsolution.net\/mba2\/wp-content\/uploads\/2021\/05\/musee-beaux-arts-alger-173-150x150.jpg\" class=\"attachment-thumbnail size-thumbnail\" alt=\"\" \/><\/a>\n\t\t\t<\/div><\/figure><figure class='gallery-item'>\n\t\t\t<div class='gallery-icon landscape'>\n\t\t\t\t<a href='https:\/\/www.adnsolution.net\/mba2\/wp-content\/uploads\/2021\/05\/musee-beaux-arts-alger-174.jpg'><img loading=\"lazy\" decoding=\"async\" width=\"150\" height=\"150\" src=\"https:\/\/www.adnsolution.net\/mba2\/wp-content\/uploads\/2021\/05\/musee-beaux-arts-alger-174-150x150.jpg\" class=\"attachment-thumbnail size-thumbnail\" alt=\"\" \/><\/a>\n\t\t\t<\/div><\/figure><figure class='gallery-item'>\n\t\t\t<div class='gallery-icon portrait'>\n\t\t\t\t<a href='https:\/\/www.adnsolution.net\/mba2\/wp-content\/uploads\/2021\/05\/musee-beaux-arts-alger-175.jpg'><img loading=\"lazy\" decoding=\"async\" width=\"150\" height=\"150\" src=\"https:\/\/www.adnsolution.net\/mba2\/wp-content\/uploads\/2021\/05\/musee-beaux-arts-alger-175-150x150.jpg\" class=\"attachment-thumbnail size-thumbnail\" alt=\"\" \/><\/a>\n\t\t\t<\/div><\/figure>\n\t\t<\/div>\n\n<p>&nbsp;<\/p>\n<div class=\"gallery\"><\/div>\n","protected":false},"excerpt":{"rendered":"<p>La salle Mohamed Loua\u00efl, du nom de l&#8217;un des premiers peintres-conservateurs alg\u00e9riens, propose un tour d&#8217;horizon sur l\u2019Alg\u00e9rie au XIX\u00e8me si\u00e8cle et les diff\u00e9rentes visions qu\u2019elle a inspir\u00e9:\u00a0 les pr\u00e9mices de l\u2019\u00e9cole d\u2019Alger avec Lazerges, Chataud et Lebourg, la vision du pays et de son peuple \u00e0 travers Dinet et Verschaffelt, le paysage avec Rochegrosse &hellip;<\/p>\n","protected":false},"author":1,"featured_media":0,"parent":1159,"menu_order":0,"comment_status":"closed","ping_status":"closed","template":"","meta":{"footnotes":""},"class_list":["post-1219","page","type-page","status-publish",""],"_links":{"self":[{"href":"https:\/\/www.adnsolution.net\/mba2\/wp-json\/wp\/v2\/pages\/1219","targetHints":{"allow":["GET"]}}],"collection":[{"href":"https:\/\/www.adnsolution.net\/mba2\/wp-json\/wp\/v2\/pages"}],"about":[{"href":"https:\/\/www.adnsolution.net\/mba2\/wp-json\/wp\/v2\/types\/page"}],"author":[{"embeddable":true,"href":"https:\/\/www.adnsolution.net\/mba2\/wp-json\/wp\/v2\/users\/1"}],"replies":[{"embeddable":true,"href":"https:\/\/www.adnsolution.net\/mba2\/wp-json\/wp\/v2\/comments?post=1219"}],"version-history":[{"count":4,"href":"https:\/\/www.adnsolution.net\/mba2\/wp-json\/wp\/v2\/pages\/1219\/revisions"}],"predecessor-version":[{"id":1330,"href":"https:\/\/www.adnsolution.net\/mba2\/wp-json\/wp\/v2\/pages\/1219\/revisions\/1330"}],"up":[{"embeddable":true,"href":"https:\/\/www.adnsolution.net\/mba2\/wp-json\/wp\/v2\/pages\/1159"}],"wp:attachment":[{"href":"https:\/\/www.adnsolution.net\/mba2\/wp-json\/wp\/v2\/media?parent=1219"}],"curies":[{"name":"wp","href":"https:\/\/api.w.org\/{rel}","templated":true}]}}